{"id":3320,"date":"2023-09-25T09:42:43","date_gmt":"2023-09-25T09:42:43","guid":{"rendered":"https:\/\/neoasiagroup.com\/?page_id=3320"},"modified":"2024-05-17T03:09:24","modified_gmt":"2024-05-17T03:09:24","slug":"anteage","status":"publish","type":"page","link":"https:\/\/neoasiagroup.com\/vi\/products\/anteage\/","title":{"rendered":"AnteAGE"},"content":{"rendered":"<div data-elementor-type=\"wp-page\" data-elementor-id=\"3320\" class=\"elementor elementor-3320\" data-elementor-post-type=\"page\">\n\t\t\t\t\t\t<section data-particle_enable=\"false\" data-particle-mobile-disabled=\"false\" class=\"elementor-section elementor-top-section elementor-element elementor-element-6fe4e42f elementor-section-height-min-height elementor-section-boxed elementor-section-height-default elementor-section-items-middle\" data-id=\"6fe4e42f\" data-element_type=\"section\" data-e-type=\"section\" data-settings=\"{&quot;background_background&quot;:&quot;classic&quot;}\">\n\t\t\t\t\t\t\t<div class=\"elementor-background-overlay\"><\/div>\n\t\t\t\t\t\t\t<div class=\"elementor-container elementor-column-gap-no\">\n\t\t\t\t\t<div class=\"elementor-column elementor-col-50 elementor-top-column elementor-element elementor-element-22635791\" data-id=\"22635791\" data-element_type=\"column\" data-e-type=\"column\">\n\t\t\t<div class=\"elementor-widget-wrap elementor-element-populated\">\n\t\t\t\t\t\t<div class=\"elementor-element elementor-element-77ff9c27 elementor-widget elementor-widget-heading\" data-id=\"77ff9c27\" data-element_type=\"widget\" data-e-type=\"widget\" data-widget_type=\"heading.default\">\n\t\t\t\t<div class=\"elementor-widget-container\">\n\t\t\t\t\t<h5 class=\"elementor-heading-title elementor-size-default\">Ch\u0103m s\u00f3c da &amp; Th\u1ef1c ph\u1ea9m b\u1ed5 sung<\/h5>\t\t\t\t<\/div>\n\t\t\t\t<\/div>\n\t\t\t\t<div class=\"elementor-element elementor-element-3b7cc231 elementor-widget-tablet__width-initial elementor-widget elementor-widget-heading\" data-id=\"3b7cc231\" data-element_type=\"widget\" data-e-type=\"widget\" data-widget_type=\"heading.default\">\n\t\t\t\t<div class=\"elementor-widget-container\">\n\t\t\t\t\t<h2 class=\"elementor-heading-title elementor-size-default\">AnteAGE<\/h2>\t\t\t\t<\/div>\n\t\t\t\t<\/div>\n\t\t\t\t\t<\/div>\n\t\t<\/div>\n\t\t\t\t<div class=\"elementor-column elementor-col-50 elementor-top-column elementor-element elementor-element-64229aef\" data-id=\"64229aef\" data-element_type=\"column\" data-e-type=\"column\">\n\t\t\t<div class=\"elementor-widget-wrap elementor-element-populated\">\n\t\t\t\t\t\t<section data-particle_enable=\"false\" data-particle-mobile-disabled=\"false\" class=\"elementor-section elementor-inner-section elementor-element elementor-element-525b3818 elementor-section-boxed elementor-section-height-default elementor-section-height-default\" data-id=\"525b3818\" data-element_type=\"section\" data-e-type=\"section\">\n\t\t\t\t\t\t<div class=\"elementor-container elementor-column-gap-default\">\n\t\t\t\t\t<div class=\"elementor-column elementor-col-33 elementor-inner-column elementor-element elementor-element-70a866c6\" data-id=\"70a866c6\" data-element_type=\"column\" data-e-type=\"column\">\n\t\t\t<div class=\"elementor-widget-wrap elementor-element-populated\">\n\t\t\t\t\t\t<div class=\"elementor-element elementor-element-64c0c991 elementor-widget__width-initial elementor-widget elementor-widget-heading\" data-id=\"64c0c991\" data-element_type=\"widget\" data-e-type=\"widget\" data-widget_type=\"heading.default\">\n\t\t\t\t<div class=\"elementor-widget-container\">\n\t\t\t\t\t<span class=\"elementor-heading-title elementor-size-default\"><a href=\"https:\/\/neoasiagroup.com\/vi\/products\/#skincare\">Ch\u0103m S\u00f3c Da &amp; <br>Th\u1ef1c Ph\u1ea9m B\u1ed5 Sung<\/a><\/span>\t\t\t\t<\/div>\n\t\t\t\t<\/div>\n\t\t\t\t\t<\/div>\n\t\t<\/div>\n\t\t\t\t<div class=\"elementor-column elementor-col-33 elementor-inner-column elementor-element elementor-element-7982e31d\" data-id=\"7982e31d\" data-element_type=\"column\" data-e-type=\"column\">\n\t\t\t<div class=\"elementor-widget-wrap elementor-element-populated\">\n\t\t\t\t\t\t<div class=\"elementor-element elementor-element-6858735 elementor-widget elementor-widget-heading\" data-id=\"6858735\" data-element_type=\"widget\" data-e-type=\"widget\" data-widget_type=\"heading.default\">\n\t\t\t\t<div class=\"elementor-widget-container\">\n\t\t\t\t\t<span class=\"elementor-heading-title elementor-size-default\"><a href=\"https:\/\/neoasiagroup.com\/vi\/products\/#medical-devices\">Thi\u1ebft B\u1ecb Y T\u1ebf<\/a><\/span>\t\t\t\t<\/div>\n\t\t\t\t<\/div>\n\t\t\t\t\t<\/div>\n\t\t<\/div>\n\t\t\t\t<div class=\"elementor-column elementor-col-33 elementor-inner-column elementor-element elementor-element-577b4135\" data-id=\"577b4135\" data-element_type=\"column\" data-e-type=\"column\">\n\t\t\t<div class=\"elementor-widget-wrap elementor-element-populated\">\n\t\t\t\t\t\t<div class=\"elementor-element elementor-element-2294822 elementor-widget elementor-widget-heading\" data-id=\"2294822\" data-element_type=\"widget\" data-e-type=\"widget\" data-widget_type=\"heading.default\">\n\t\t\t\t<div class=\"elementor-widget-container\">\n\t\t\t\t\t<span class=\"elementor-heading-title elementor-size-default\"><a href=\"https:\/\/neoasiagroup.com\/vi\/products\/#aesthetic-equipment\">Thi\u1ebft B\u1ecb Th\u1ea9m M\u1ef9 Y T\u1ebf<\/a><\/span>\t\t\t\t<\/div>\n\t\t\t\t<\/div>\n\t\t\t\t\t<\/div>\n\t\t<\/div>\n\t\t\t\t\t<\/div>\n\t\t<\/section>\n\t\t\t\t\t<\/div>\n\t\t<\/div>\n\t\t\t\t\t<\/div>\n\t\t<\/section>\n\t\t\t\t<section data-particle_enable=\"false\" data-particle-mobile-disabled=\"false\" class=\"elementor-section elementor-top-section elementor-element elementor-element-4b0abe2f elementor-reverse-mobile elementor-section-height-min-height elementor-section-boxed elementor-section-height-default elementor-section-items-middle\" data-id=\"4b0abe2f\" data-element_type=\"section\" data-e-type=\"section\">\n\t\t\t\t\t\t<div class=\"elementor-container elementor-column-gap-default\">\n\t\t\t\t\t<div class=\"elementor-column elementor-col-50 elementor-top-column elementor-element elementor-element-31162f6c\" data-id=\"31162f6c\" data-element_type=\"column\" data-e-type=\"column\">\n\t\t\t<div class=\"elementor-widget-wrap elementor-element-populated\">\n\t\t\t\t\t\t<div class=\"elementor-element elementor-element-653b8b4b elementor-widget elementor-widget-heading\" data-id=\"653b8b4b\" data-element_type=\"widget\" data-e-type=\"widget\" data-widget_type=\"heading.default\">\n\t\t\t\t<div class=\"elementor-widget-container\">\n\t\t\t\t\t<h5 class=\"elementor-heading-title elementor-size-default\">Ch\u0103m s\u00f3c da &amp; Th\u1ef1c ph\u1ea9m b\u1ed5 sung<\/h5>\t\t\t\t<\/div>\n\t\t\t\t<\/div>\n\t\t\t\t<div class=\"elementor-element elementor-element-be57260 elementor-widget elementor-widget-heading\" data-id=\"be57260\" data-element_type=\"widget\" data-e-type=\"widget\" data-widget_type=\"heading.default\">\n\t\t\t\t<div class=\"elementor-widget-container\">\n\t\t\t\t\t<h2 class=\"elementor-heading-title elementor-size-default\">AnteAGE<\/h2>\t\t\t\t<\/div>\n\t\t\t\t<\/div>\n\t\t\t\t<div class=\"elementor-element elementor-element-33cb14f4 elementor-widget elementor-widget-text-editor\" data-id=\"33cb14f4\" data-element_type=\"widget\" data-e-type=\"widget\" data-widget_type=\"text-editor.default\">\n\t\t\t\t<div class=\"elementor-widget-container\">\n\t\t\t\t\t\t\t\t\t<p><b>AnteAGE<\/b><span style=\"font-weight: 400;\">s\u1ee9 m\u1ec7nh c\u1ee7a ch\u00fang t\u00f4i l\u00e0 cung c\u1ea5p c\u00e1c s\u1ea3n ph\u1ea9m ch\u1ed1ng l\u00e3o h\u00f3a t\u00e1i t\u1ea1o m\u1ea1nh m\u1ebd th\u00f4ng qua c\u00e1c c\u00f4ng ngh\u1ec7 d\u1ef1a tr\u00ean b\u1eb1ng ch\u1ee9ng x\u00e1c \u0111\u00e1ng. C\u00e1c nh\u00e0 khoa h\u1ecdc c\u1ee7a AnteAGE \u0111i ti\u00ean phong trong vi\u1ec7c s\u1eed d\u1ee5ng c\u00f4ng ngh\u1ec7 t\u1ebf b\u00e0o g\u1ed1c t\u1ee7y x\u01b0\u01a1ng ng\u01b0\u1eddi trong l\u0129nh v\u1ef1c th\u1ea9m m\u1ef9 v\u00e0 da li\u1ec5u.<\/span><\/p>\t\t\t\t\t\t\t\t<\/div>\n\t\t\t\t<\/div>\n\t\t<div data-particle_enable=\"false\" data-particle-mobile-disabled=\"false\" class=\"elementor-element elementor-element-353df615 e-con-full e-flex e-con e-parent\" data-id=\"353df615\" data-element_type=\"container\" data-e-type=\"container\">\n\t\t<div data-particle_enable=\"false\" data-particle-mobile-disabled=\"false\" class=\"elementor-element elementor-element-c349990 e-con-full e-flex e-con e-child\" data-id=\"c349990\" data-element_type=\"container\" data-e-type=\"container\">\n\t\t\t\t<div class=\"elementor-element elementor-element-51a0fa4 elementor-widget elementor-widget-heading\" data-id=\"51a0fa4\" data-element_type=\"widget\" data-e-type=\"widget\" data-widget_type=\"heading.default\">\n\t\t\t\t<div class=\"elementor-widget-container\">\n\t\t\t\t\t<span class=\"elementor-heading-title elementor-size-default\">Visit Brand Site<\/span>\t\t\t\t<\/div>\n\t\t\t\t<\/div>\n\t\t<div data-particle_enable=\"false\" data-particle-mobile-disabled=\"false\" class=\"elementor-element elementor-element-09561b3 e-flex e-con-boxed e-con e-child\" data-id=\"09561b3\" data-element_type=\"container\" data-e-type=\"container\">\n\t\t\t\t\t<div class=\"e-con-inner\">\n\t\t<div data-particle_enable=\"false\" data-particle-mobile-disabled=\"false\" class=\"elementor-element elementor-element-5617521 e-con-full e-flex e-con e-child\" data-id=\"5617521\" data-element_type=\"container\" data-e-type=\"container\">\n\t\t\t\t<div class=\"elementor-element elementor-element-c348c53 elementor-shape-rounded elementor-grid-0 e-grid-align-center elementor-widget elementor-widget-social-icons\" data-id=\"c348c53\" data-element_type=\"widget\" data-e-type=\"widget\" data-widget_type=\"social-icons.default\">\n\t\t\t\t<div class=\"elementor-widget-container\">\n\t\t\t\t\t\t\t<div class=\"elementor-social-icons-wrapper elementor-grid\">\n\t\t\t\t\t\t\t<span class=\"elementor-grid-item\">\n\t\t\t\t\t<a class=\"elementor-icon elementor-social-icon elementor-social-icon-globe elementor-repeater-item-a155397\" href=\"https:\/\/anteage.com\/\" target=\"_blank\">\n\t\t\t\t\t\t<span class=\"elementor-screen-only\">Globe<\/span>\n\t\t\t\t\t\t<i aria-hidden=\"true\" class=\"fas fa-globe\"><\/i>\t\t\t\t\t<\/a>\n\t\t\t\t<\/span>\n\t\t\t\t\t<\/div>\n\t\t\t\t\t\t<\/div>\n\t\t\t\t<\/div>\n\t\t\t\t<\/div>\n\t\t<div data-particle_enable=\"false\" data-particle-mobile-disabled=\"false\" class=\"elementor-element elementor-element-1af4d71 e-con-full e-flex e-con e-child\" data-id=\"1af4d71\" data-element_type=\"container\" data-e-type=\"container\">\n\t\t\t\t<div class=\"elementor-element elementor-element-ae58b2e elementor-widget elementor-widget-eael-lightbox\" data-id=\"ae58b2e\" data-element_type=\"widget\" data-e-type=\"widget\" data-widget_type=\"eael-lightbox.default\">\n\t\t\t\t<div class=\"elementor-widget-container\">\n\t\t\t\t\t\n\n\t\t<div data-lightbox-type=\"lightbox_type_template\" data-lightbox-type-url=\"\" data-lightbox-trigger-pageload=\"1\" data-lightbox-closebtn-color=\"#ffffff\" class=\"eael-lightbox-wrapper\" data-trigger=\"eael_lightbox_trigger_button\" data-lightbox-id=\"lightbox_6a0476584b216\" data-type=\"inline\" data-src=\"#eael-lightbox-window-6a0476584b216\" data-popup-layout=\"eael-lightbox-popup-standard\" data-main-class=\"eael-lightbox-modal-popup-ae58b2e\" data-close_button=\"yes\" data-esc_exit=\"yes\" data-click_exit=\"yes\" data-effect=\"animated \" data-trigger-element=\".eael-modal-popup-link-6a0476584b216\">\n\t\t\t<div class=\"eael-lightbox-btn\">\n\t\t\t\t<span id=\"btn-eael-lightbox-6a0476584b216\" class=\"eael-modal-popup-button eael-modal-popup-link eael-modal-popup-link-6a0476584b216 elementor-button elementor-size-lg\" tabindex=\"0\">Download Brochure <\/span>\t\t\t<\/div><!-- close .eael-lightbox-btn -->\n\t\t<\/div>\n\n\t\t<div class=\"eael-lightbox-popup-window eael-lightbox-popup-window-ae58b2e lightbox_type_template\" id=\"eael-lightbox-window-6a0476584b216\">\n\t\t\t<div class=\"eael-lightbox-container\">\n\t\t\t\t<style>.elementor-13712 .elementor-element.elementor-element-2a6c487{--display:flex;--overlay-opacity:0.5;--padding-top:30px;--padding-bottom:30px;--padding-left:30px;--padding-right:30px;}.elementor-13712 .elementor-element.elementor-element-2a6c487:not(.elementor-motion-effects-element-type-background), .elementor-13712 .elementor-element.elementor-element-2a6c487 > .elementor-motion-effects-container > .elementor-motion-effects-layer{background-color:var( --e-global-color-astglobalcolor5 );}.elementor-13712 .elementor-element.elementor-element-2a6c487::before, .elementor-13712 .elementor-element.elementor-element-2a6c487 > .elementor-background-video-container::before, .elementor-13712 .elementor-element.elementor-element-2a6c487 > .e-con-inner > .elementor-background-video-container::before, .elementor-13712 .elementor-element.elementor-element-2a6c487 > .elementor-background-slideshow::before, .elementor-13712 .elementor-element.elementor-element-2a6c487 > .e-con-inner > .elementor-background-slideshow::before, .elementor-13712 .elementor-element.elementor-element-2a6c487 > .elementor-motion-effects-container > .elementor-motion-effects-layer::before{--background-overlay:'';background-color:var( --e-global-color-astglobalcolor5 );}.elementor-13712 .elementor-element.elementor-element-70798a66 .elementor-field-group{padding-right:calc( 10px\/2 );padding-left:calc( 10px\/2 );margin-bottom:10px;}.elementor-13712 .elementor-element.elementor-element-70798a66 .elementor-form-fields-wrapper{margin-left:calc( -10px\/2 );margin-right:calc( -10px\/2 );margin-bottom:-10px;}.elementor-13712 .elementor-element.elementor-element-70798a66 .elementor-field-group.recaptcha_v3-bottomleft, .elementor-13712 .elementor-element.elementor-element-70798a66 .elementor-field-group.recaptcha_v3-bottomright{margin-bottom:0;}body.rtl .elementor-13712 .elementor-element.elementor-element-70798a66 .elementor-labels-inline .elementor-field-group > label{padding-left:0px;}body:not(.rtl) .elementor-13712 .elementor-element.elementor-element-70798a66 .elementor-labels-inline .elementor-field-group > label{padding-right:0px;}body .elementor-13712 .elementor-element.elementor-element-70798a66 .elementor-labels-above .elementor-field-group > label{padding-bottom:0px;}.elementor-13712 .elementor-element.elementor-element-70798a66 .elementor-field-type-html{padding-bottom:0px;}.elementor-13712 .elementor-element.elementor-element-70798a66 .elementor-field-group .elementor-field:not(.elementor-select-wrapper){background-color:#ffffff;}.elementor-13712 .elementor-element.elementor-element-70798a66 .elementor-field-group .elementor-select-wrapper select{background-color:#ffffff;}.elementor-13712 .elementor-element.elementor-element-70798a66 .e-form__buttons__wrapper__button-next{background-color:var( --e-global-color-primary );color:#ffffff;}.elementor-13712 .elementor-element.elementor-element-70798a66 .elementor-button[type=\"submit\"]{background-color:var( --e-global-color-primary );color:#ffffff;}.elementor-13712 .elementor-element.elementor-element-70798a66 .elementor-button[type=\"submit\"] svg *{fill:#ffffff;}.elementor-13712 .elementor-element.elementor-element-70798a66 .e-form__buttons__wrapper__button-previous{color:#ffffff;}.elementor-13712 .elementor-element.elementor-element-70798a66 .e-form__buttons__wrapper__button-next:hover{color:#ffffff;}.elementor-13712 .elementor-element.elementor-element-70798a66 .elementor-button[type=\"submit\"]:hover{color:#ffffff;}.elementor-13712 .elementor-element.elementor-element-70798a66 .elementor-button[type=\"submit\"]:hover svg *{fill:#ffffff;}.elementor-13712 .elementor-element.elementor-element-70798a66 .e-form__buttons__wrapper__button-previous:hover{color:#ffffff;}.elementor-13712 .elementor-element.elementor-element-70798a66{--e-form-steps-indicators-spacing:20px;--e-form-steps-indicator-padding:30px;--e-form-steps-indicator-inactive-secondary-color:#ffffff;--e-form-steps-indicator-active-secondary-color:#ffffff;--e-form-steps-indicator-completed-secondary-color:#ffffff;--e-form-steps-divider-width:1px;--e-form-steps-divider-gap:10px;}@media(min-width:768px){.elementor-13712 .elementor-element.elementor-element-2a6c487{--content-width:560px;}}<\/style>\t\t<div data-elementor-type=\"container\" data-elementor-id=\"13712\" class=\"elementor elementor-13712\" data-elementor-post-type=\"elementor_library\">\n\t\t\t\t<div data-particle_enable=\"false\" data-particle-mobile-disabled=\"false\" class=\"elementor-element elementor-element-2a6c487 e-flex e-con-boxed e-con e-parent\" data-id=\"2a6c487\" data-element_type=\"container\" data-e-type=\"container\" data-settings=\"{&quot;background_background&quot;:&quot;classic&quot;}\">\n\t\t\t\t\t<div class=\"e-con-inner\">\n\t\t\t\t<div class=\"elementor-element elementor-element-70798a66 elementor-button-align-stretch elementor-widget elementor-widget-form\" data-id=\"70798a66\" data-element_type=\"widget\" data-e-type=\"widget\" data-settings=\"{&quot;step_next_label&quot;:&quot;Next&quot;,&quot;step_previous_label&quot;:&quot;Previous&quot;,&quot;button_width&quot;:&quot;100&quot;,&quot;step_type&quot;:&quot;number_text&quot;,&quot;step_icon_shape&quot;:&quot;circle&quot;}\" data-widget_type=\"form.default\">\n\t\t\t\t<div class=\"elementor-widget-container\">\n\t\t\t\t\t\t\t<form class=\"elementor-form\" method=\"post\" name=\"New Form\" aria-label=\"New Form\" action=\"\">\n\t\t\t<input type=\"hidden\" name=\"post_id\" value=\"13712\"\/>\n\t\t\t<input type=\"hidden\" name=\"form_id\" value=\"70798a66\"\/>\n\t\t\t<input type=\"hidden\" name=\"referer_title\" value=\"\" \/>\n\n\t\t\t\n\t\t\t<div class=\"elementor-form-fields-wrapper elementor-labels-above\">\n\t\t\t\t\t\t\t\t<div class=\"elementor-field-type-text elementor-field-group elementor-column elementor-field-group-name elementor-col-100 elementor-field-required elementor-mark-required\">\n\t\t\t\t\t\t\t\t\t\t\t\t<label for=\"form-field-name\" class=\"elementor-field-label\">\n\t\t\t\t\t\t\t\tDr \/ Mr \/ Ms\t\t\t\t\t\t\t<\/label>\n\t\t\t\t\t\t\t\t\t\t\t\t\t\t<input size=\"1\" type=\"text\" name=\"form_fields[name]\" id=\"form-field-name\" class=\"elementor-field elementor-size-sm  elementor-field-textual\" required=\"required\">\n\t\t\t\t\t\t\t\t\t\t\t<\/div>\n\t\t\t\t\t\t\t\t<div class=\"elementor-field-type-email elementor-field-group elementor-column elementor-field-group-email elementor-col-100 elementor-field-required elementor-mark-required\">\n\t\t\t\t\t\t\t\t\t\t\t\t<label for=\"form-field-email\" class=\"elementor-field-label\">\n\t\t\t\t\t\t\t\tEmail\t\t\t\t\t\t\t<\/label>\n\t\t\t\t\t\t\t\t\t\t\t\t\t\t<input size=\"1\" type=\"email\" name=\"form_fields[email]\" id=\"form-field-email\" class=\"elementor-field elementor-size-sm  elementor-field-textual\" required=\"required\">\n\t\t\t\t\t\t\t\t\t\t\t<\/div>\n\t\t\t\t\t\t\t\t<div class=\"elementor-field-type-tel elementor-field-group elementor-column elementor-field-group-field_7081135 elementor-col-100\">\n\t\t\t\t\t\t\t\t\t\t\t\t<label for=\"form-field-field_7081135\" class=\"elementor-field-label\">\n\t\t\t\t\t\t\t\tMobile\t\t\t\t\t\t\t<\/label>\n\t\t\t\t\t\t\t\t<input size=\"1\" type=\"tel\" name=\"form_fields[field_7081135]\" id=\"form-field-field_7081135\" class=\"elementor-field elementor-size-sm  elementor-field-textual\" pattern=\"[0-9()#&amp;+*-=.]+\" title=\"Only numbers and phone characters (#, -, *, etc) are accepted.\">\n\n\t\t\t\t\t\t<\/div>\n\t\t\t\t\t\t\t\t<div class=\"elementor-field-type-text elementor-field-group elementor-column elementor-field-group-field_67ec857 elementor-col-100 elementor-field-required elementor-mark-required\">\n\t\t\t\t\t\t\t\t\t\t\t\t<label for=\"form-field-field_67ec857\" class=\"elementor-field-label\">\n\t\t\t\t\t\t\t\tCountry\t\t\t\t\t\t\t<\/label>\n\t\t\t\t\t\t\t\t\t\t\t\t\t\t<input size=\"1\" type=\"text\" name=\"form_fields[field_67ec857]\" id=\"form-field-field_67ec857\" class=\"elementor-field elementor-size-sm  elementor-field-textual\" required=\"required\">\n\t\t\t\t\t\t\t\t\t\t\t<\/div>\n\t\t\t\t\t\t\t\t<div class=\"elementor-field-type-textarea elementor-field-group elementor-column elementor-field-group-message elementor-col-100 elementor-field-required elementor-mark-required\">\n\t\t\t\t\t\t\t\t\t\t\t\t<label for=\"form-field-message\" class=\"elementor-field-label\">\n\t\t\t\t\t\t\t\tName of Clinic \/ Hospital\t\t\t\t\t\t\t<\/label>\n\t\t\t\t\t\t<textarea class=\"elementor-field-textual elementor-field  elementor-size-sm\" name=\"form_fields[message]\" id=\"form-field-message\" rows=\"1\" required=\"required\"><\/textarea>\t\t\t\t<\/div>\n\t\t\t\t\t\t\t\t<div class=\"elementor-field-type-html elementor-field-group elementor-column elementor-field-group-field_c2ed206 elementor-col-100\">\n\t\t\t\t\tInformation entered into this web form will be used for verification purposes. The information will be shared with Neoasia.<br><b><a href=\"https:\/\/neoasiagroup.com\/vi\/privacy-policy\/\">Neoasia Privacy Policy<\/a><\/b>\t\t\t\t<\/div>\n\t\t\t\t\t\t\t\t<div class=\"elementor-field-group elementor-column elementor-field-type-submit elementor-col-100 e-form__buttons\">\n\t\t\t\t\t<button class=\"elementor-button elementor-size-sm\" type=\"submit\">\n\t\t\t\t\t\t<span class=\"elementor-button-content-wrapper\">\n\t\t\t\t\t\t\t\t\t\t\t\t\t\t\t\t\t\t\t\t\t\t<span class=\"elementor-button-text\">Submit<\/span>\n\t\t\t\t\t\t\t\t\t\t\t\t\t<\/span>\n\t\t\t\t\t<\/button>\n\t\t\t\t<\/div>\n\t\t\t<\/div>\n\t\t<input type=\"hidden\" name=\"trp-form-language\" value=\"vi\"\/><\/form>\n\t\t\t\t\t\t<\/div>\n\t\t\t\t<\/div>\n\t\t\t\t\t<\/div>\n\t\t\t\t<\/div>\n\t\t\t\t<\/div>\n\t\t\t\t\t<\/div>\n\t\t<\/div>\n\t\t\t\t<\/div>\n\t\t\t\t<\/div>\n\t\t\t\t<\/div>\n\t\t\t\t\t<\/div>\n\t\t\t\t<\/div>\n\t\t\t\t<\/div>\n\t\t\t\t<\/div>\n\t\t\t\t\t<\/div>\n\t\t<\/div>\n\t\t\t\t<div class=\"elementor-column elementor-col-50 elementor-top-column elementor-element elementor-element-795b424f\" data-id=\"795b424f\" data-element_type=\"column\" data-e-type=\"column\">\n\t\t\t<div class=\"elementor-widget-wrap elementor-element-populated\">\n\t\t\t\t\t\t<div class=\"elementor-element elementor-element-3e5c0629 elementor-widget elementor-widget-image\" data-id=\"3e5c0629\" data-element_type=\"widget\" data-e-type=\"widget\" data-widget_type=\"image.default\">\n\t\t\t\t<div class=\"elementor-widget-container\">\n\t\t\t\t\t\t\t\t\t\t\t\t\t\t\t<img fetchpriority=\"high\" decoding=\"async\" width=\"788\" height=\"199\" src=\"https:\/\/neoasiagroup.com\/wp-content\/uploads\/2023\/09\/Digital_AnteAGE_Pro_Logo-Black.jpeg\" class=\"attachment-full size-full wp-image-3322\" alt=\"\" srcset=\"https:\/\/neoasiagroup.com\/wp-content\/uploads\/2023\/09\/Digital_AnteAGE_Pro_Logo-Black.jpeg 788w, https:\/\/neoasiagroup.com\/wp-content\/uploads\/2023\/09\/Digital_AnteAGE_Pro_Logo-Black-768x194.jpeg 768w\" sizes=\"(max-width: 788px) 100vw, 788px\" \/>\t\t\t\t\t\t\t\t\t\t\t\t\t\t\t<\/div>\n\t\t\t\t<\/div>\n\t\t\t\t\t<\/div>\n\t\t<\/div>\n\t\t\t\t\t<\/div>\n\t\t<\/section>\n\t\t\t\t<\/div>","protected":false},"excerpt":{"rendered":"<p>Skincare &amp; Oral Supplements AnteAGE Skincare &amp; Oral Supplements Medical Devices Medical Aesthetic Equipment Skincare &amp; Oral Supplements AnteAGE AnteAGE\u2019s mission is to provide powerful regenerative anti-aging products through sound evidence-based technologies. AnteAGE scientists pioneered the use of human bone marrow stem cell technology in aesthetics and dermatology fields. Visit Brand Site Globe Download Brochure [&hellip;]<\/p>","protected":false},"author":1,"featured_media":0,"parent":183,"menu_order":0,"comment_status":"closed","ping_status":"closed","template":"","meta":{"site-sidebar-layout":"no-sidebar","site-content-layout":"page-builder","ast-site-content-layout":"full-width-container","site-content-style":"default","site-sidebar-style":"default","ast-global-header-display":"","ast-banner-title-visibility":"","ast-main-header-display":"","ast-hfb-above-header-display":"","ast-hfb-below-header-display":"","ast-hfb-mobile-header-display":"","site-post-title":"disabled","ast-breadcrumbs-content":"","ast-featured-img":"disabled","footer-sml-layout":"","theme-transparent-header-meta":"enabled","adv-header-id-meta":"","stick-header-meta":"","header-above-stick-meta":"","header-main-stick-meta":"","header-below-stick-meta":"","astra-migrate-meta-layouts":"set","ast-page-background-enabled":"default","ast-page-background-meta":{"desktop":{"background-color":"","background-image":"","background-repeat":"repeat","background-position":"center center","background-size":"auto","background-attachment":"scroll","background-type":"","background-media":"","overlay-type":"","overlay-color":"","overlay-gradient":""},"tablet":{"background-color":"","background-image":"","background-repeat":"repeat","background-position":"center center","background-size":"auto","background-attachment":"scroll","background-type":"","background-media":"","overlay-type":"","overlay-color":"","overlay-gradient":""},"mobile":{"background-color":"","background-image":"","background-repeat":"repeat","background-position":"center center","background-size":"auto","background-attachment":"scroll","background-type":"","background-media":"","overlay-type":"","overlay-color":"","overlay-gradient":""}},"ast-content-background-meta":{"desktop":{"background-color":"var(--ast-global-color-5)","background-image":"","background-repeat":"repeat","background-position":"center center","background-size":"auto","background-attachment":"scroll","background-type":"","background-media":"","overlay-type":"","overlay-color":"","overlay-gradient":""},"tablet":{"background-color":"var(--ast-global-color-5)","background-image":"","background-repeat":"repeat","background-position":"center center","background-size":"auto","background-attachment":"scroll","background-type":"","background-media":"","overlay-type":"","overlay-color":"","overlay-gradient":""},"mobile":{"background-color":"var(--ast-global-color-5)","background-image":"","background-repeat":"repeat","background-position":"center center","background-size":"auto","background-attachment":"scroll","background-type":"","background-media":"","overlay-type":"","overlay-color":"","overlay-gradient":""}},"footnotes":""},"class_list":["post-3320","page","type-page","status-publish","hentry"],"_links":{"self":[{"href":"https:\/\/neoasiagroup.com\/vi\/wp-json\/wp\/v2\/pages\/3320","targetHints":{"allow":["GET"]}}],"collection":[{"href":"https:\/\/neoasiagroup.com\/vi\/wp-json\/wp\/v2\/pages"}],"about":[{"href":"https:\/\/neoasiagroup.com\/vi\/wp-json\/wp\/v2\/types\/page"}],"author":[{"embeddable":true,"href":"https:\/\/neoasiagroup.com\/vi\/wp-json\/wp\/v2\/users\/1"}],"replies":[{"embeddable":true,"href":"https:\/\/neoasiagroup.com\/vi\/wp-json\/wp\/v2\/comments?post=3320"}],"version-history":[{"count":0,"href":"https:\/\/neoasiagroup.com\/vi\/wp-json\/wp\/v2\/pages\/3320\/revisions"}],"up":[{"embeddable":true,"href":"https:\/\/neoasiagroup.com\/vi\/wp-json\/wp\/v2\/pages\/183"}],"wp:attachment":[{"href":"https:\/\/neoasiagroup.com\/vi\/wp-json\/wp\/v2\/media?parent=3320"}],"curies":[{"name":"wp","href":"https:\/\/api.w.org\/{rel}","templated":true}]}}