{"id":3373,"date":"2023-09-25T10:09:40","date_gmt":"2023-09-25T10:09:40","guid":{"rendered":"https:\/\/neoasiagroup.com\/?page_id=3373"},"modified":"2025-02-05T03:34:52","modified_gmt":"2025-02-05T03:34:52","slug":"neoretin","status":"publish","type":"page","link":"https:\/\/neoasiagroup.com\/vi\/products\/neoretin\/","title":{"rendered":"Neoretin"},"content":{"rendered":"<div data-elementor-type=\"wp-page\" data-elementor-id=\"3373\" class=\"elementor elementor-3373\" data-elementor-post-type=\"page\">\n\t\t\t\t\t\t<section data-particle_enable=\"false\" data-particle-mobile-disabled=\"false\" class=\"elementor-section elementor-top-section elementor-element elementor-element-6ce6f8a8 elementor-section-height-min-height elementor-section-boxed elementor-section-height-default elementor-section-items-middle\" data-id=\"6ce6f8a8\" data-element_type=\"section\" data-e-type=\"section\" data-settings=\"{&quot;background_background&quot;:&quot;classic&quot;}\">\n\t\t\t\t\t\t\t<div class=\"elementor-background-overlay\"><\/div>\n\t\t\t\t\t\t\t<div class=\"elementor-container elementor-column-gap-no\">\n\t\t\t\t\t<div class=\"elementor-column elementor-col-50 elementor-top-column elementor-element elementor-element-6da7cce0\" data-id=\"6da7cce0\" data-element_type=\"column\" data-e-type=\"column\">\n\t\t\t<div class=\"elementor-widget-wrap elementor-element-populated\">\n\t\t\t\t\t\t<div class=\"elementor-element elementor-element-a3c8ae3 elementor-widget elementor-widget-heading\" data-id=\"a3c8ae3\" data-element_type=\"widget\" data-e-type=\"widget\" data-widget_type=\"heading.default\">\n\t\t\t\t<div class=\"elementor-widget-container\">\n\t\t\t\t\t<h5 class=\"elementor-heading-title elementor-size-default\">Ch\u0103m s\u00f3c da &amp; Th\u1ef1c ph\u1ea9m b\u1ed5 sung<\/h5>\t\t\t\t<\/div>\n\t\t\t\t<\/div>\n\t\t\t\t<div class=\"elementor-element elementor-element-a833cde elementor-widget-tablet__width-initial elementor-widget elementor-widget-heading\" data-id=\"a833cde\" data-element_type=\"widget\" data-e-type=\"widget\" data-widget_type=\"heading.default\">\n\t\t\t\t<div class=\"elementor-widget-container\">\n\t\t\t\t\t<h2 class=\"elementor-heading-title elementor-size-default\">Neoretin<\/h2>\t\t\t\t<\/div>\n\t\t\t\t<\/div>\n\t\t\t\t\t<\/div>\n\t\t<\/div>\n\t\t\t\t<div class=\"elementor-column elementor-col-50 elementor-top-column elementor-element elementor-element-1eabb4c\" data-id=\"1eabb4c\" data-element_type=\"column\" data-e-type=\"column\">\n\t\t\t<div class=\"elementor-widget-wrap elementor-element-populated\">\n\t\t\t\t\t\t<section data-particle_enable=\"false\" data-particle-mobile-disabled=\"false\" class=\"elementor-section elementor-inner-section elementor-element elementor-element-f26e6f2 elementor-section-boxed elementor-section-height-default elementor-section-height-default\" data-id=\"f26e6f2\" data-element_type=\"section\" data-e-type=\"section\">\n\t\t\t\t\t\t<div class=\"elementor-container elementor-column-gap-default\">\n\t\t\t\t\t<div class=\"elementor-column elementor-col-33 elementor-inner-column elementor-element elementor-element-6934495\" data-id=\"6934495\" data-element_type=\"column\" data-e-type=\"column\">\n\t\t\t<div class=\"elementor-widget-wrap elementor-element-populated\">\n\t\t\t\t\t\t<div class=\"elementor-element elementor-element-3564f18d elementor-widget__width-initial elementor-widget elementor-widget-heading\" data-id=\"3564f18d\" data-element_type=\"widget\" data-e-type=\"widget\" data-widget_type=\"heading.default\">\n\t\t\t\t<div class=\"elementor-widget-container\">\n\t\t\t\t\t<span class=\"elementor-heading-title elementor-size-default\"><a href=\"https:\/\/neoasiagroup.com\/vi\/products\/#skincare\">Ch\u0103m S\u00f3c Da &amp; <br>Th\u1ef1c Ph\u1ea9m B\u1ed5 Sung<\/a><\/span>\t\t\t\t<\/div>\n\t\t\t\t<\/div>\n\t\t\t\t\t<\/div>\n\t\t<\/div>\n\t\t\t\t<div class=\"elementor-column elementor-col-33 elementor-inner-column elementor-element elementor-element-a9b4967\" data-id=\"a9b4967\" data-element_type=\"column\" data-e-type=\"column\">\n\t\t\t<div class=\"elementor-widget-wrap elementor-element-populated\">\n\t\t\t\t\t\t<div class=\"elementor-element elementor-element-7ee2f279 elementor-widget elementor-widget-heading\" data-id=\"7ee2f279\" data-element_type=\"widget\" data-e-type=\"widget\" data-widget_type=\"heading.default\">\n\t\t\t\t<div class=\"elementor-widget-container\">\n\t\t\t\t\t<span class=\"elementor-heading-title elementor-size-default\"><a href=\"https:\/\/neoasiagroup.com\/vi\/products\/#medical-devices\">Thi\u1ebft B\u1ecb Y T\u1ebf<\/a><\/span>\t\t\t\t<\/div>\n\t\t\t\t<\/div>\n\t\t\t\t\t<\/div>\n\t\t<\/div>\n\t\t\t\t<div class=\"elementor-column elementor-col-33 elementor-inner-column elementor-element elementor-element-59c6fec\" data-id=\"59c6fec\" data-element_type=\"column\" data-e-type=\"column\">\n\t\t\t<div class=\"elementor-widget-wrap elementor-element-populated\">\n\t\t\t\t\t\t<div class=\"elementor-element elementor-element-55be4369 elementor-widget elementor-widget-heading\" data-id=\"55be4369\" data-element_type=\"widget\" data-e-type=\"widget\" data-widget_type=\"heading.default\">\n\t\t\t\t<div class=\"elementor-widget-container\">\n\t\t\t\t\t<span class=\"elementor-heading-title elementor-size-default\"><a href=\"https:\/\/neoasiagroup.com\/vi\/products\/#aesthetic-equipment\">Thi\u1ebft B\u1ecb Th\u1ea9m M\u1ef9 Y T\u1ebf<\/a><\/span>\t\t\t\t<\/div>\n\t\t\t\t<\/div>\n\t\t\t\t\t<\/div>\n\t\t<\/div>\n\t\t\t\t\t<\/div>\n\t\t<\/section>\n\t\t\t\t\t<\/div>\n\t\t<\/div>\n\t\t\t\t\t<\/div>\n\t\t<\/section>\n\t\t\t\t<section data-particle_enable=\"false\" data-particle-mobile-disabled=\"false\" class=\"elementor-section elementor-top-section elementor-element elementor-element-952aae2 elementor-reverse-mobile elementor-section-height-min-height elementor-section-boxed elementor-section-height-default elementor-section-items-middle\" data-id=\"952aae2\" data-element_type=\"section\" data-e-type=\"section\">\n\t\t\t\t\t\t<div class=\"elementor-container elementor-column-gap-default\">\n\t\t\t\t\t<div class=\"elementor-column elementor-col-50 elementor-top-column elementor-element elementor-element-401897a\" data-id=\"401897a\" data-element_type=\"column\" data-e-type=\"column\">\n\t\t\t<div class=\"elementor-widget-wrap elementor-element-populated\">\n\t\t\t\t\t\t<div class=\"elementor-element elementor-element-6ad214b elementor-widget elementor-widget-heading\" data-id=\"6ad214b\" data-element_type=\"widget\" data-e-type=\"widget\" data-widget_type=\"heading.default\">\n\t\t\t\t<div class=\"elementor-widget-container\">\n\t\t\t\t\t<h5 class=\"elementor-heading-title elementor-size-default\">Ch\u0103m s\u00f3c da &amp; Th\u1ef1c ph\u1ea9m b\u1ed5 sung<\/h5>\t\t\t\t<\/div>\n\t\t\t\t<\/div>\n\t\t\t\t<div class=\"elementor-element elementor-element-cc422a5 elementor-widget elementor-widget-heading\" data-id=\"cc422a5\" data-element_type=\"widget\" data-e-type=\"widget\" data-widget_type=\"heading.default\">\n\t\t\t\t<div class=\"elementor-widget-container\">\n\t\t\t\t\t<h2 class=\"elementor-heading-title elementor-size-default\">Neoretin<\/h2>\t\t\t\t<\/div>\n\t\t\t\t<\/div>\n\t\t\t\t<div class=\"elementor-element elementor-element-644d3f6 elementor-widget elementor-widget-text-editor\" data-id=\"644d3f6\" data-element_type=\"widget\" data-e-type=\"widget\" data-widget_type=\"text-editor.default\">\n\t\t\t\t<div class=\"elementor-widget-container\">\n\t\t\t\t\t\t\t\t\t<p>Vitamin A is no stranger in your skincare and diet. Vitamin A has been used for decades in skincare for the treatment of skin aging and acne. It is known to provide benefits such as improvement of uneven skin tone, enhances skin renewal process and stimulates collagen production in the skin.<\/p><p><strong>Neoretin<sup>\u00ae<\/sup><\/strong>\u00a0l\u00e0 d\u00f2ng s\u1ea3n ph\u1ea9m ch\u1ed1ng l\u00e3o h\u00f3a &amp; l\u00e0m s\u00e1ng da gi\u00fap t\u00e1i t\u1ea1o bi\u1ec3u b\u00ec to\u00e0n di\u1ec7n, c\u1ea3i thi\u1ec7n \u0111\u00e1ng k\u1ec3 k\u1ebft c\u1ea5u da, gi\u1ea3m n\u1ebfp nh\u0103n v\u00e0 l\u00e0m \u0111\u1ec1u m\u00e0u da m\u1ed9t c\u00e1ch r\u00f5 r\u1ec7t. Cantabria Labs hi\u1ec3u t\u1ea7m quan tr\u1ecdng c\u1ee7a vitamin A trong ch\u1ebf \u0111\u1ed9 ch\u0103m s\u00f3c da v\u00e0 \u0111\u00e3 t\u1ea1o ra d\u00f2ng s\u1ea3n ph\u1ea9m n\u00e0y v\u1edbi RetinSphere \u0111\u1ed9c quy\u1ec1n<sup>\u00ae<\/sup>\u00a0C\u00f4ng ngh\u1ec7 v\u00e0 H\u1ec7 th\u1ed1ng t\u0103ng c\u01b0\u1eddng l\u00e0m tr\u1eafng gi\u00fap c\u1ea3i thi\u1ec7n l\u00e0n da kh\u00f4ng \u0111\u1ec1u m\u00e0u v\u00e0 mang l\u1ea1i l\u1ee3i \u00edch ch\u1ed1ng l\u00e3o h\u00f3a.<\/p><p>RetinSphere<sup>\u00ae<\/sup>\u00a0Technology harnesses 2 derivatives of vitamin A that penetrates deep into skin cells to tackle the appearance and development of hyperpigmentation. RetinSphere<sup>\u00ae<\/sup>\u00a0Technology intercepts the melanin production cycle, preventing the formation of more hyperpigmentation and concurrently, it exfoliates the skin cells, removing the existing hyperpigmentation. It is perfectly formulated to ensure user compliance and tolerability of products.<\/p><p>Bolstered with Whitening Booster System, it targets on all the stages of melanin production, further preventing the development of hyperpigmentation. The key ingredients in the system include Niacinamide that prevents the transfer of dark pigments to skin surface, N-Acetyl Glucosamine that inhibits the activation of enzyme that is responsible for melanin production, preventing the cycle to take place and Kojic Acid that interferes the activity of enzyme, preventing the formation of melanin.<\/p>\t\t\t\t\t\t\t\t<\/div>\n\t\t\t\t<\/div>\n\t\t<div data-particle_enable=\"false\" data-particle-mobile-disabled=\"false\" class=\"elementor-element elementor-element-854271f e-con-full e-flex e-con e-parent\" data-id=\"854271f\" data-element_type=\"container\" data-e-type=\"container\">\n\t\t<div data-particle_enable=\"false\" data-particle-mobile-disabled=\"false\" class=\"elementor-element elementor-element-7def770 e-con-full e-flex e-con e-child\" data-id=\"7def770\" data-element_type=\"container\" data-e-type=\"container\">\n\t\t\t\t<div class=\"elementor-element elementor-element-87edf02 elementor-widget elementor-widget-heading\" data-id=\"87edf02\" data-element_type=\"widget\" data-e-type=\"widget\" data-widget_type=\"heading.default\">\n\t\t\t\t<div class=\"elementor-widget-container\">\n\t\t\t\t\t<span class=\"elementor-heading-title elementor-size-default\">Visit Brand Site<\/span>\t\t\t\t<\/div>\n\t\t\t\t<\/div>\n\t\t<div data-particle_enable=\"false\" data-particle-mobile-disabled=\"false\" class=\"elementor-element elementor-element-17c9dfd e-flex e-con-boxed e-con e-child\" data-id=\"17c9dfd\" data-element_type=\"container\" data-e-type=\"container\">\n\t\t\t\t\t<div class=\"e-con-inner\">\n\t\t<div data-particle_enable=\"false\" data-particle-mobile-disabled=\"false\" class=\"elementor-element elementor-element-69d2aff e-con-full e-flex e-con e-child\" data-id=\"69d2aff\" data-element_type=\"container\" data-e-type=\"container\">\n\t\t\t\t<div class=\"elementor-element elementor-element-0943f8e elementor-shape-rounded elementor-grid-0 e-grid-align-center elementor-widget elementor-widget-social-icons\" data-id=\"0943f8e\" data-element_type=\"widget\" data-e-type=\"widget\" data-widget_type=\"social-icons.default\">\n\t\t\t\t<div class=\"elementor-widget-container\">\n\t\t\t\t\t\t\t<div class=\"elementor-social-icons-wrapper elementor-grid\" role=\"list\">\n\t\t\t\t\t\t\t<span class=\"elementor-grid-item\" role=\"listitem\">\n\t\t\t\t\t<a class=\"elementor-icon elementor-social-icon elementor-social-icon-globe elementor-repeater-item-a155397\" href=\"https:\/\/www.cantabrialabs.com\/en\/our-brands\/neoretin\/\" target=\"_blank\">\n\t\t\t\t\t\t<span class=\"elementor-screen-only\">Globe<\/span>\n\t\t\t\t\t\t<i aria-hidden=\"true\" class=\"fas fa-globe\"><\/i>\t\t\t\t\t<\/a>\n\t\t\t\t<\/span>\n\t\t\t\t\t\t\t<span class=\"elementor-grid-item\" role=\"listitem\">\n\t\t\t\t\t<a class=\"elementor-icon elementor-social-icon elementor-social-icon-instagram elementor-repeater-item-1e959aa\" href=\"https:\/\/www.instagram.com\/neoretin_sea\/?hl=en\" target=\"_blank\">\n\t\t\t\t\t\t<span class=\"elementor-screen-only\">Instagram<\/span>\n\t\t\t\t\t\t<i aria-hidden=\"true\" class=\"fab fa-instagram\"><\/i>\t\t\t\t\t<\/a>\n\t\t\t\t<\/span>\n\t\t\t\t\t<\/div>\n\t\t\t\t\t\t<\/div>\n\t\t\t\t<\/div>\n\t\t\t\t<\/div>\n\t\t<div data-particle_enable=\"false\" data-particle-mobile-disabled=\"false\" class=\"elementor-element elementor-element-568f326 e-con-full e-flex e-con e-child\" data-id=\"568f326\" data-element_type=\"container\" data-e-type=\"container\">\n\t\t\t\t<div class=\"elementor-element elementor-element-9f7a3d8 elementor-widget elementor-widget-eael-lightbox\" data-id=\"9f7a3d8\" data-element_type=\"widget\" data-e-type=\"widget\" data-widget_type=\"eael-lightbox.default\">\n\t\t\t\t<div class=\"elementor-widget-container\">\n\t\t\t\t\t\n\n\t\t<div data-lightbox-type=\"lightbox_type_content\" data-lightbox-type-url=\"\" data-lightbox-trigger-pageload=\"1\" class=\"eael-lightbox-wrapper\" data-trigger=\"eael_lightbox_trigger_button\" data-lightbox-id=\"lightbox_69f601fad5b67\" data-type=\"inline\" data-src=\"#eael-lightbox-window-69f601fad5b67\" data-popup-layout=\"eael-lightbox-popup-standard\" data-main-class=\"eael-lightbox-modal-popup-9f7a3d8\" data-close_button=\"yes\" data-esc_exit=\"yes\" data-click_exit=\"yes\" data-effect=\"animated \" data-trigger-element=\".eael-modal-popup-link-69f601fad5b67\">\n\t\t\t<div class=\"eael-lightbox-btn\">\n\t\t\t\t<span id=\"btn-eael-lightbox-69f601fad5b67\" class=\"eael-modal-popup-button eael-modal-popup-link eael-modal-popup-link-69f601fad5b67 elementor-button elementor-size-lg\" tabindex=\"0\">Download Brochure <\/span>\t\t\t<\/div><!-- close .eael-lightbox-btn -->\n\t\t<\/div>\n\n\t\t<div class=\"eael-lightbox-popup-window eael-lightbox-popup-window-9f7a3d8 lightbox_type_content\" id=\"eael-lightbox-window-69f601fad5b67\">\n\t\t\t<div class=\"eael-lightbox-container\">\n\t\t\t\t<div class=\"eael-lightbox-content\"><div class=\"wpforms-container\" id=\"wpforms-3383\"><form id=\"wpforms-form-3383\" class=\"wpforms-validate wpforms-form wpforms-ajax-form\" method=\"post\" action=\"https:\/\/neoasiagroup.com\/vi\/products\/neoretin\/\" data-trp-original-action=\"\/zh\/products\/neoretin\/\">\u8bf7\u5728\u6d4f\u89c8\u5668\u4e2d\u542f\u7528JavaScript\u6765\u5b8c\u6210\u6b64\u8868\u5355\u3002<div class=\"wpforms-field-container\"><div id=\"wpforms-3383-field_0-container\" class=\"wpforms-field wpforms-field-name\"><label class=\"wpforms-field-label\" for=\"wpforms-3383-field_0\">Dr \/ Mr \/ Ms <span class=\"wpforms-required-label\">*<\/span><\/label><input type=\"text\" id=\"wpforms-3383-field_0\" class=\"wpforms-field-medium wpforms-field-required\" name=\"wpforms[fields][0]\" required><\/div><div id=\"wpforms-3383-field_1-container\" class=\"wpforms-field wpforms-field-email\"><label class=\"wpforms-field-label\" for=\"wpforms-3383-field_1\">Email <span class=\"wpforms-required-label\">*<\/span><\/label><input type=\"email\" id=\"wpforms-3383-field_1\" class=\"wpforms-field-medium wpforms-field-required\" name=\"wpforms[fields][1]\" required><\/div><div id=\"wpforms-3383-field_3-container\" class=\"wpforms-field wpforms-field-text\"><label class=\"wpforms-field-label\" for=\"wpforms-3383-field_3\">Mobile<\/label><input type=\"text\" id=\"wpforms-3383-field_3\" class=\"wpforms-field-medium\" name=\"wpforms[fields][3]\"><\/div><div id=\"wpforms-3383-field_4-container\" class=\"wpforms-field wpforms-field-text\"><label class=\"wpforms-field-label\" for=\"wpforms-3383-field_4\">Country <span class=\"wpforms-required-label\">*<\/span><\/label><input type=\"text\" id=\"wpforms-3383-field_4\" class=\"wpforms-field-medium wpforms-field-required\" name=\"wpforms[fields][4]\" required><\/div><div id=\"wpforms-3383-field_5-container\" class=\"wpforms-field wpforms-field-text\"><label class=\"wpforms-field-label\" for=\"wpforms-3383-field_5\">Name of Clinic \/ Hospital <span class=\"wpforms-required-label\">*<\/span><\/label><input type=\"text\" id=\"wpforms-3383-field_5\" class=\"wpforms-field-medium wpforms-field-required\" name=\"wpforms[fields][5]\" required><\/div><div id=\"wpforms-3383-field_9-container\" class=\"wpforms-field wpforms-field-html\"><div id=\"wpforms-3383-field_9\">Information entered into this web form will be used for verification purposes. The information will be shared with Neoasia. Neoasia Privacy Policy<\/div><\/div><\/div><!-- .wpforms-field-container --><div class=\"wpforms-submit-container\"><input type=\"hidden\" name=\"wpforms[id]\" value=\"3383\"><input type=\"hidden\" name=\"wpforms[author]\" value=\"1\"><input type=\"hidden\" name=\"wpforms[post_id]\" value=\"3373\"><button type=\"submit\" id=\"wpforms-submit-3383\" class=\"wpforms-submit\">Submit<\/button><img decoding=\"async\" data-src=\"https:\/\/neoasiagroup.com\/wp-content\/plugins\/wpforms\/assets\/images\/submit-spin.svg\" class=\"wpforms-submit-spinner lazyload\" width=\"26\" height=\"26\" alt=\"\u52a0\u8f7d\" data-no-translation-alt=\"\" src=\"data:image\/gif;base64,R0lGODlhAQABAAAAACH5BAEKAAEALAAAAAABAAEAAAICTAEAOw==\" style=\"--smush-placeholder-width: 26px; --smush-placeholder-aspect-ratio: 26\/26;\"><noscript><img decoding=\"async\" src=\"https:\/\/neoasiagroup.com\/wp-content\/plugins\/wpforms\/assets\/images\/submit-spin.svg\" class=\"wpforms-submit-spinner\" width=\"26\" height=\"26\" alt=\"\u52a0\u8f7d\" data-no-translation-alt=\"\"><\/noscript><\/div><input type=\"hidden\" name=\"trp-form-language\" value=\"vi\"\/><\/form><\/div>  <!-- .wpforms-container --><\/div>\t\t\t<\/div>\n\t\t<\/div>\n\t\t\t\t<\/div>\n\t\t\t\t<\/div>\n\t\t\t\t<\/div>\n\t\t\t\t\t<\/div>\n\t\t\t\t<\/div>\n\t\t\t\t<\/div>\n\t\t\t\t<\/div>\n\t\t\t\t\t<\/div>\n\t\t<\/div>\n\t\t\t\t<div class=\"elementor-column elementor-col-50 elementor-top-column elementor-element elementor-element-f1d2acc\" data-id=\"f1d2acc\" data-element_type=\"column\" data-e-type=\"column\">\n\t\t\t<div class=\"elementor-widget-wrap elementor-element-populated\">\n\t\t\t\t\t\t<div class=\"elementor-element elementor-element-0075ed9 elementor-widget elementor-widget-image\" data-id=\"0075ed9\" data-element_type=\"widget\" data-e-type=\"widget\" data-widget_type=\"image.default\">\n\t\t\t\t<div class=\"elementor-widget-container\">\n\t\t\t\t\t\t\t\t\t\t\t\t\t\t\t<img fetchpriority=\"high\" decoding=\"async\" width=\"900\" height=\"900\" src=\"https:\/\/neoasiagroup.com\/wp-content\/uploads\/2023\/11\/neoretin-product-1.png\" class=\"attachment-full size-full wp-image-8079\" alt=\"neoretin\" srcset=\"https:\/\/neoasiagroup.com\/wp-content\/uploads\/2023\/11\/neoretin-product-1.png 900w, https:\/\/neoasiagroup.com\/wp-content\/uploads\/2023\/11\/neoretin-product-1-768x768.png 768w, https:\/\/neoasiagroup.com\/wp-content\/uploads\/2023\/11\/neoretin-product-1-12x12.png 12w\" sizes=\"(max-width: 900px) 100vw, 900px\" \/>\t\t\t\t\t\t\t\t\t\t\t\t\t\t\t<\/div>\n\t\t\t\t<\/div>\n\t\t\t\t\t<\/div>\n\t\t<\/div>\n\t\t\t\t\t<\/div>\n\t\t<\/section>\n\t\t\t\t<\/div>","protected":false},"excerpt":{"rendered":"<p>Skincare &amp; Oral Supplements Neoretin Skincare &amp; Oral Supplements Medical Devices Medical Aesthetic Equipment Skincare &amp; Oral Supplements Neoretin Vitamin A is no stranger in your skincare and diet. Vitamin A has been used for decades in skincare for the treatment of skin aging and acne. It is known to provide benefits such as improvement [&hellip;]<\/p>","protected":false},"author":1,"featured_media":0,"parent":183,"menu_order":0,"comment_status":"closed","ping_status":"closed","template":"","meta":{"site-sidebar-layout":"no-sidebar","site-content-layout":"page-builder","ast-site-content-layout":"full-width-container","site-content-style":"default","site-sidebar-style":"default","ast-global-header-display":"","ast-banner-title-visibility":"","ast-main-header-display":"","ast-hfb-above-header-display":"","ast-hfb-below-header-display":"","ast-hfb-mobile-header-display":"","site-post-title":"disabled","ast-breadcrumbs-content":"","ast-featured-img":"disabled","footer-sml-layout":"","theme-transparent-header-meta":"enabled","adv-header-id-meta":"","stick-header-meta":"","header-above-stick-meta":"","header-main-stick-meta":"","header-below-stick-meta":"","astra-migrate-meta-layouts":"set","ast-page-background-enabled":"default","ast-page-background-meta":{"desktop":{"background-color":"","background-image":"","background-repeat":"repeat","background-position":"center center","background-size":"auto","background-attachment":"scroll","background-type":"","background-media":"","overlay-type":"","overlay-color":"","overlay-gradient":""},"tablet":{"background-color":"","background-image":"","background-repeat":"repeat","background-position":"center center","background-size":"auto","background-attachment":"scroll","background-type":"","background-media":"","overlay-type":"","overlay-color":"","overlay-gradient":""},"mobile":{"background-color":"","background-image":"","background-repeat":"repeat","background-position":"center center","background-size":"auto","background-attachment":"scroll","background-type":"","background-media":"","overlay-type":"","overlay-color":"","overlay-gradient":""}},"ast-content-background-meta":{"desktop":{"background-color":"var(--ast-global-color-5)","background-image":"","background-repeat":"repeat","background-position":"center center","background-size":"auto","background-attachment":"scroll","background-type":"","background-media":"","overlay-type":"","overlay-color":"","overlay-gradient":""},"tablet":{"background-color":"var(--ast-global-color-5)","background-image":"","background-repeat":"repeat","background-position":"center center","background-size":"auto","background-attachment":"scroll","background-type":"","background-media":"","overlay-type":"","overlay-color":"","overlay-gradient":""},"mobile":{"background-color":"var(--ast-global-color-5)","background-image":"","background-repeat":"repeat","background-position":"center center","background-size":"auto","background-attachment":"scroll","background-type":"","background-media":"","overlay-type":"","overlay-color":"","overlay-gradient":""}},"footnotes":""},"class_list":["post-3373","page","type-page","status-publish","hentry"],"_links":{"self":[{"href":"https:\/\/neoasiagroup.com\/vi\/wp-json\/wp\/v2\/pages\/3373","targetHints":{"allow":["GET"]}}],"collection":[{"href":"https:\/\/neoasiagroup.com\/vi\/wp-json\/wp\/v2\/pages"}],"about":[{"href":"https:\/\/neoasiagroup.com\/vi\/wp-json\/wp\/v2\/types\/page"}],"author":[{"embeddable":true,"href":"https:\/\/neoasiagroup.com\/vi\/wp-json\/wp\/v2\/users\/1"}],"replies":[{"embeddable":true,"href":"https:\/\/neoasiagroup.com\/vi\/wp-json\/wp\/v2\/comments?post=3373"}],"version-history":[{"count":3,"href":"https:\/\/neoasiagroup.com\/vi\/wp-json\/wp\/v2\/pages\/3373\/revisions"}],"predecessor-version":[{"id":13944,"href":"https:\/\/neoasiagroup.com\/vi\/wp-json\/wp\/v2\/pages\/3373\/revisions\/13944"}],"up":[{"embeddable":true,"href":"https:\/\/neoasiagroup.com\/vi\/wp-json\/wp\/v2\/pages\/183"}],"wp:attachment":[{"href":"https:\/\/neoasiagroup.com\/vi\/wp-json\/wp\/v2\/media?parent=3373"}],"curies":[{"name":"wp","href":"https:\/\/api.w.org\/{rel}","templated":true}]}}