{"id":3490,"date":"2023-09-26T00:40:37","date_gmt":"2023-09-26T00:40:37","guid":{"rendered":"https:\/\/neoasiagroup.com\/?page_id=3490"},"modified":"2023-09-26T00:41:34","modified_gmt":"2023-09-26T00:41:34","slug":"gentlemax-pro-syneron-candela","status":"publish","type":"page","link":"https:\/\/neoasiagroup.com\/vi\/products\/gentlemax-pro-syneron-candela\/","title":{"rendered":"Gentlemax Pro Syneron Candela"},"content":{"rendered":"<div data-elementor-type=\"wp-page\" data-elementor-id=\"3490\" class=\"elementor elementor-3490\" data-elementor-post-type=\"page\">\n\t\t\t\t\t\t<section data-particle_enable=\"false\" data-particle-mobile-disabled=\"false\" class=\"elementor-section elementor-top-section elementor-element elementor-element-1735d4db elementor-section-full_width elementor-section-content-middle elementor-section-height-default elementor-section-height-default\" data-id=\"1735d4db\" data-element_type=\"section\" data-e-type=\"section\" data-settings=\"{&quot;background_background&quot;:&quot;classic&quot;}\">\n\t\t\t\t\t\t\t<div class=\"elementor-background-overlay\"><\/div>\n\t\t\t\t\t\t\t<div class=\"elementor-container elementor-column-gap-no\">\n\t\t\t\t\t<div class=\"elementor-column elementor-col-100 elementor-top-column elementor-element elementor-element-4d4f5697\" data-id=\"4d4f5697\" data-element_type=\"column\" data-e-type=\"column\">\n\t\t\t<div class=\"elementor-widget-wrap elementor-element-populated\">\n\t\t\t\t\t\t<div class=\"elementor-element elementor-element-4a15d733 elementor-widget elementor-widget-theme-post-title elementor-page-title elementor-widget-heading\" data-id=\"4a15d733\" data-element_type=\"widget\" data-e-type=\"widget\" data-widget_type=\"theme-post-title.default\">\n\t\t\t\t<div class=\"elementor-widget-container\">\n\t\t\t\t\t<h1 class=\"elementor-heading-title elementor-size-default\">Gentlemax Pro Syneron Candela<\/h1>\t\t\t\t<\/div>\n\t\t\t\t<\/div>\n\t\t\t\t\t<\/div>\n\t\t<\/div>\n\t\t\t\t\t<\/div>\n\t\t<\/section>\n\t\t\t\t<section data-particle_enable=\"false\" data-particle-mobile-disabled=\"false\" class=\"elementor-section elementor-top-section elementor-element elementor-element-6ce6f8a8 elementor-section-boxed elementor-section-height-default elementor-section-height-default\" data-id=\"6ce6f8a8\" data-element_type=\"section\" data-e-type=\"section\" data-settings=\"{&quot;background_background&quot;:&quot;classic&quot;}\">\n\t\t\t\t\t\t<div class=\"elementor-container elementor-column-gap-default\">\n\t\t\t\t\t<div class=\"elementor-column elementor-col-100 elementor-top-column elementor-element elementor-element-6da7cce0\" data-id=\"6da7cce0\" data-element_type=\"column\" data-e-type=\"column\">\n\t\t\t<div class=\"elementor-widget-wrap elementor-element-populated\">\n\t\t\t\t\t\t<div class=\"elementor-element elementor-element-4ae49c26 elementor-widget elementor-widget-image\" data-id=\"4ae49c26\" data-element_type=\"widget\" data-e-type=\"widget\" data-widget_type=\"image.default\">\n\t\t\t\t<div class=\"elementor-widget-container\">\n\t\t\t\t\t\t\t\t\t\t\t\t\t\t\t<img fetchpriority=\"high\" decoding=\"async\" width=\"1024\" height=\"382\" src=\"https:\/\/neoasiagroup.com\/wp-content\/uploads\/2023\/09\/product-imageWlogo-machines-GentleMaxPro-1024x382-1.jpeg\" class=\"attachment-full size-full wp-image-3175\" alt=\"\" srcset=\"https:\/\/neoasiagroup.com\/wp-content\/uploads\/2023\/09\/product-imageWlogo-machines-GentleMaxPro-1024x382-1.jpeg 1024w, https:\/\/neoasiagroup.com\/wp-content\/uploads\/2023\/09\/product-imageWlogo-machines-GentleMaxPro-1024x382-1-768x287.jpeg 768w\" sizes=\"(max-width: 1024px) 100vw, 1024px\" \/>\t\t\t\t\t\t\t\t\t\t\t\t\t\t\t<\/div>\n\t\t\t\t<\/div>\n\t\t\t\t\t<\/div>\n\t\t<\/div>\n\t\t\t\t\t<\/div>\n\t\t<\/section>\n\t\t<div data-particle_enable=\"false\" data-particle-mobile-disabled=\"false\" class=\"elementor-element elementor-element-3c5bbca e-flex e-con-boxed e-con e-parent\" data-id=\"3c5bbca\" data-element_type=\"container\" data-e-type=\"container\">\n\t\t\t\t\t<div class=\"e-con-inner\">\n\t\t<div data-particle_enable=\"false\" data-particle-mobile-disabled=\"false\" class=\"elementor-element elementor-element-77db532 e-con-full e-flex e-con e-child\" data-id=\"77db532\" data-element_type=\"container\" data-e-type=\"container\">\n\t\t\t\t<div class=\"elementor-element elementor-element-e22e5f5 elementor-widget elementor-widget-eael-creative-button\" data-id=\"e22e5f5\" data-element_type=\"widget\" data-e-type=\"widget\" data-widget_type=\"eael-creative-button.default\">\n\t\t\t\t<div class=\"elementor-widget-container\">\n\t\t\t\t\t        <div class=\"eael-creative-button-wrapper\">\n\n            <a class=\"eael-creative-button eael-creative-button--default\" href=\"https:\/\/candelamedical.com\/na\/provider\/product\/gentle-pro-series-0\/\" data-text=\"\">\n            \t    \n                <div class=\"creative-button-inner\">\n\n                    \n                    <span class=\"cretive-button-text\">Visit Brand Site<\/span>\n\n                                    <\/div>\n\t                        <\/a>\n        <\/div>\n        \t\t\t\t<\/div>\n\t\t\t\t<\/div>\n\t\t\t\t<\/div>\n\t\t\t\t\t<\/div>\n\t\t\t\t<\/div>\n\t\t<div data-particle_enable=\"false\" data-particle-mobile-disabled=\"false\" class=\"elementor-element elementor-element-8a56d67 e-flex e-con-boxed e-con e-parent\" data-id=\"8a56d67\" data-element_type=\"container\" data-e-type=\"container\">\n\t\t\t\t\t<div class=\"e-con-inner\">\n\t\t\t\t<div class=\"elementor-element elementor-element-d9ae5b9 elementor-widget elementor-widget-text-editor\" data-id=\"d9ae5b9\" data-element_type=\"widget\" data-e-type=\"widget\" data-widget_type=\"text-editor.default\">\n\t\t\t\t<div class=\"elementor-widget-container\">\n\t\t\t\t\t\t\t\t\t<h4>Treatment Versatility Beyond Hair Removal \u2013 Dual Configuration 755 NM Alexandrite Laser &amp; 1064 NM Nd:YAG Laser<\/h4><p><b><span lang=\"EN-SG\">Syneron Candela\u00a0<\/span>GentleMax Pro<\/b>\u00a0combines all the power, wavelengths and advantages of the GentleLase Pro and GentleYAG Pro. It is the consolidated system, trusted for all skin types for comprehensive and versatile treatment capabilities.<\/p><p><strong>Applications:<\/strong><\/p><p>\u2022 Hair removal<\/p><p>\u2022 Vascular lesions (i.e. Port wine stains, Hemangioma, Telangiectasia, Diffuse redness, Venous lake, Leg veins)<\/p><p>\u2022 Pigmented lesions<\/p><p>\u2022 Wrinkles<\/p><p>\u2022 Onychomycosis (nail fungus)<\/p>\t\t\t\t\t\t\t\t<\/div>\n\t\t\t\t<\/div>\n\t\t\t\t<div class=\"elementor-element elementor-element-a27e43c elementor-widget elementor-widget-eael-lightbox\" data-id=\"a27e43c\" data-element_type=\"widget\" data-e-type=\"widget\" data-widget_type=\"eael-lightbox.default\">\n\t\t\t\t<div class=\"elementor-widget-container\">\n\t\t\t\t\t\n\n\t\t<div data-lightbox-type=\"lightbox_type_content\" data-lightbox-type-url=\"\" data-lightbox-trigger-pageload=\"1\" class=\"eael-lightbox-wrapper\" data-trigger=\"eael_lightbox_trigger_button\" data-lightbox-id=\"lightbox_69f2e31f3c162\" data-type=\"inline\" data-src=\"#eael-lightbox-window-69f2e31f3c162\" data-popup-layout=\"eael-lightbox-popup-standard\" data-main-class=\"eael-lightbox-modal-popup-a27e43c\" data-close_button=\"yes\" data-esc_exit=\"yes\" data-click_exit=\"yes\" data-effect=\"animated \" data-trigger-element=\".eael-modal-popup-link-69f2e31f3c162\">\n\t\t\t<div class=\"eael-lightbox-btn\">\n\t\t\t\t<span id=\"btn-eael-lightbox-69f2e31f3c162\" class=\"eael-modal-popup-button eael-modal-popup-link eael-modal-popup-link-69f2e31f3c162 elementor-button elementor-size-lg\" tabindex=\"0\">Download Brochure for Healthcare Professionals<\/span>\t\t\t<\/div><!-- close .eael-lightbox-btn -->\n\t\t<\/div>\n\n\t\t<div class=\"eael-lightbox-popup-window eael-lightbox-popup-window-a27e43c lightbox_type_content\" id=\"eael-lightbox-window-69f2e31f3c162\">\n\t\t\t<div class=\"eael-lightbox-container\">\n\t\t\t\t<div class=\"eael-lightbox-content\"><p style=\"text-align: center\"><div class=\"wpforms-container\" id=\"wpforms-3383\"><form id=\"wpforms-form-3383\" class=\"wpforms-validate wpforms-form wpforms-ajax-form\" method=\"post\" action=\"https:\/\/neoasiagroup.com\/vi\/products\/gentlemax-pro-syneron-candela\/\" data-trp-original-action=\"\/vi\/products\/gentlemax-pro-syneron-candela\/\">Vui l\u00f2ng b\u1eadt JavaScript trong tr\u00ecnh duy\u1ec7t c\u1ee7a b\u1ea1n \u0111\u1ec3 ho\u00e0n th\u00e0nh Form n\u00e0y.<div class=\"wpforms-field-container\"><div id=\"wpforms-3383-field_0-container\" class=\"wpforms-field wpforms-field-name\"><label class=\"wpforms-field-label\" for=\"wpforms-3383-field_0\">Dr \/ Mr \/ Ms <span class=\"wpforms-required-label\">*<\/span><\/label><input type=\"text\" id=\"wpforms-3383-field_0\" class=\"wpforms-field-medium wpforms-field-required\" name=\"wpforms[fields][0]\" required><\/div><div id=\"wpforms-3383-field_1-container\" class=\"wpforms-field wpforms-field-email\"><label class=\"wpforms-field-label\" for=\"wpforms-3383-field_1\">Email <span class=\"wpforms-required-label\">*<\/span><\/label><input type=\"email\" id=\"wpforms-3383-field_1\" class=\"wpforms-field-medium wpforms-field-required\" name=\"wpforms[fields][1]\" required><\/div><div id=\"wpforms-3383-field_3-container\" class=\"wpforms-field wpforms-field-text\"><label class=\"wpforms-field-label\" for=\"wpforms-3383-field_3\">Mobile<\/label><input type=\"text\" id=\"wpforms-3383-field_3\" class=\"wpforms-field-medium\" name=\"wpforms[fields][3]\"><\/div><div id=\"wpforms-3383-field_4-container\" class=\"wpforms-field wpforms-field-text\"><label class=\"wpforms-field-label\" for=\"wpforms-3383-field_4\">Country <span class=\"wpforms-required-label\">*<\/span><\/label><input type=\"text\" id=\"wpforms-3383-field_4\" class=\"wpforms-field-medium wpforms-field-required\" name=\"wpforms[fields][4]\" required><\/div><div id=\"wpforms-3383-field_5-container\" class=\"wpforms-field wpforms-field-text\"><label class=\"wpforms-field-label\" for=\"wpforms-3383-field_5\">Name of Clinic \/ Hospital <span class=\"wpforms-required-label\">*<\/span><\/label><input type=\"text\" id=\"wpforms-3383-field_5\" class=\"wpforms-field-medium wpforms-field-required\" name=\"wpforms[fields][5]\" required><\/div><div id=\"wpforms-3383-field_9-container\" class=\"wpforms-field wpforms-field-html\"><div id=\"wpforms-3383-field_9\">Information entered into this web form will be used for verification purposes. The information will be shared with Neoasia. Neoasia Privacy Policy<\/div><\/div><\/div><!-- .wpforms-field-container --><div class=\"wpforms-submit-container\"><input type=\"hidden\" name=\"wpforms[id]\" value=\"3383\"><input type=\"hidden\" name=\"wpforms[author]\" value=\"1\"><input type=\"hidden\" name=\"wpforms[post_id]\" value=\"3490\"><button type=\"submit\" id=\"wpforms-submit-3383\" class=\"wpforms-submit\">Submit<\/button><img decoding=\"async\" data-src=\"https:\/\/neoasiagroup.com\/wp-content\/plugins\/wpforms\/assets\/images\/submit-spin.svg\" class=\"wpforms-submit-spinner lazyload\" width=\"26\" height=\"26\" alt=\"\u0110ang t\u1ea3i\" data-no-translation-alt=\"\" src=\"data:image\/gif;base64,R0lGODlhAQABAAAAACH5BAEKAAEALAAAAAABAAEAAAICTAEAOw==\" style=\"--smush-placeholder-width: 26px; --smush-placeholder-aspect-ratio: 26\/26;\"><noscript><img decoding=\"async\" src=\"https:\/\/neoasiagroup.com\/wp-content\/plugins\/wpforms\/assets\/images\/submit-spin.svg\" class=\"wpforms-submit-spinner\" width=\"26\" height=\"26\" alt=\"\u0110ang t\u1ea3i\" data-no-translation-alt=\"\"><\/noscript><\/div><input type=\"hidden\" name=\"trp-form-language\" value=\"vi\"\/><\/form><\/div>  <!-- .wpforms-container --><\/p><\/div>\t\t\t<\/div>\n\t\t<\/div>\n\t\t\t\t<\/div>\n\t\t\t\t<\/div>\n\t\t\t\t\t<\/div>\n\t\t\t\t<\/div>\n\t\t\t\t<\/div>","protected":false},"excerpt":{"rendered":"<p>Visit Brand Site Treatment Versatility Beyond Hair Removal \u2013 Dual Configuration 755 NM Alexandrite Laser &amp; 1064 NM Nd:YAG Laser Syneron Candela\u00a0GentleMax Pro\u00a0combines all the power, wavelengths and advantages of the GentleLase Pro and GentleYAG Pro. It is the consolidated system, trusted for all skin types for comprehensive and versatile treatment capabilities. Applications: \u2022 Hair [&hellip;]<\/p>","protected":false},"author":1,"featured_media":0,"parent":183,"menu_order":0,"comment_status":"closed","ping_status":"closed","template":"","meta":{"site-sidebar-layout":"no-sidebar","site-content-layout":"page-builder","ast-site-content-layout":"full-width-container","site-content-style":"default","site-sidebar-style":"default","ast-global-header-display":"","ast-banner-title-visibility":"","ast-main-header-display":"","ast-hfb-above-header-display":"","ast-hfb-below-header-display":"","ast-hfb-mobile-header-display":"","site-post-title":"disabled","ast-breadcrumbs-content":"","ast-featured-img":"disabled","footer-sml-layout":"","theme-transparent-header-meta":"","adv-header-id-meta":"","stick-header-meta":"","header-above-stick-meta":"","header-main-stick-meta":"","header-below-stick-meta":"","astra-migrate-meta-layouts":"set","ast-page-background-enabled":"default","ast-page-background-meta":{"desktop":{"background-color":"","background-image":"","background-repeat":"repeat","background-position":"center center","background-size":"auto","background-attachment":"scroll","background-type":"","background-media":"","overlay-type":"","overlay-color":"","overlay-gradient":""},"tablet":{"background-color":"","background-image":"","background-repeat":"repeat","background-position":"center center","background-size":"auto","background-attachment":"scroll","background-type":"","background-media":"","overlay-type":"","overlay-color":"","overlay-gradient":""},"mobile":{"background-color":"","background-image":"","background-repeat":"repeat","background-position":"center center","background-size":"auto","background-attachment":"scroll","background-type":"","background-media":"","overlay-type":"","overlay-color":"","overlay-gradient":""}},"ast-content-background-meta":{"desktop":{"background-color":"var(--ast-global-color-5)","background-image":"","background-repeat":"repeat","background-position":"center center","background-size":"auto","background-attachment":"scroll","background-type":"","background-media":"","overlay-type":"","overlay-color":"","overlay-gradient":""},"tablet":{"background-color":"var(--ast-global-color-5)","background-image":"","background-repeat":"repeat","background-position":"center center","background-size":"auto","background-attachment":"scroll","background-type":"","background-media":"","overlay-type":"","overlay-color":"","overlay-gradient":""},"mobile":{"background-color":"var(--ast-global-color-5)","background-image":"","background-repeat":"repeat","background-position":"center center","background-size":"auto","background-attachment":"scroll","background-type":"","background-media":"","overlay-type":"","overlay-color":"","overlay-gradient":""}},"footnotes":""},"class_list":["post-3490","page","type-page","status-publish","hentry"],"_links":{"self":[{"href":"https:\/\/neoasiagroup.com\/vi\/wp-json\/wp\/v2\/pages\/3490","targetHints":{"allow":["GET"]}}],"collection":[{"href":"https:\/\/neoasiagroup.com\/vi\/wp-json\/wp\/v2\/pages"}],"about":[{"href":"https:\/\/neoasiagroup.com\/vi\/wp-json\/wp\/v2\/types\/page"}],"author":[{"embeddable":true,"href":"https:\/\/neoasiagroup.com\/vi\/wp-json\/wp\/v2\/users\/1"}],"replies":[{"embeddable":true,"href":"https:\/\/neoasiagroup.com\/vi\/wp-json\/wp\/v2\/comments?post=3490"}],"version-history":[{"count":0,"href":"https:\/\/neoasiagroup.com\/vi\/wp-json\/wp\/v2\/pages\/3490\/revisions"}],"up":[{"embeddable":true,"href":"https:\/\/neoasiagroup.com\/vi\/wp-json\/wp\/v2\/pages\/183"}],"wp:attachment":[{"href":"https:\/\/neoasiagroup.com\/vi\/wp-json\/wp\/v2\/media?parent=3490"}],"curies":[{"name":"wp","href":"https:\/\/api.w.org\/{rel}","templated":true}]}}