{"id":3361,"date":"2023-09-25T10:04:41","date_gmt":"2023-09-25T10:04:41","guid":{"rendered":"https:\/\/neoasiagroup.com\/?page_id=3361"},"modified":"2025-02-05T03:34:17","modified_gmt":"2025-02-05T03:34:17","slug":"exuviance","status":"publish","type":"page","link":"https:\/\/neoasiagroup.com\/zh\/products\/exuviance\/","title":{"rendered":"Exuviance"},"content":{"rendered":"<div data-elementor-type=\"wp-page\" data-elementor-id=\"3361\" class=\"elementor elementor-3361\" data-elementor-post-type=\"page\">\n\t\t\t\t\t\t<section data-particle_enable=\"false\" data-particle-mobile-disabled=\"false\" class=\"elementor-section elementor-top-section elementor-element elementor-element-74d03b1d elementor-section-height-min-height elementor-section-boxed elementor-section-height-default elementor-section-items-middle\" data-id=\"74d03b1d\" data-element_type=\"section\" data-e-type=\"section\" data-settings=\"{&quot;background_background&quot;:&quot;classic&quot;}\">\n\t\t\t\t\t\t\t<div class=\"elementor-background-overlay\"><\/div>\n\t\t\t\t\t\t\t<div class=\"elementor-container elementor-column-gap-no\">\n\t\t\t\t\t<div class=\"elementor-column elementor-col-50 elementor-top-column elementor-element elementor-element-5d0c7bf7\" data-id=\"5d0c7bf7\" data-element_type=\"column\" data-e-type=\"column\">\n\t\t\t<div class=\"elementor-widget-wrap elementor-element-populated\">\n\t\t\t\t\t\t<div class=\"elementor-element elementor-element-392a60b7 elementor-widget elementor-widget-heading\" data-id=\"392a60b7\" data-element_type=\"widget\" data-e-type=\"widget\" data-widget_type=\"heading.default\">\n\t\t\t\t<div class=\"elementor-widget-container\">\n\t\t\t\t\t<h5 class=\"elementor-heading-title elementor-size-default\">\u62a4\u80a4\u54c1\u548c\u53e3\u670d\u8865\u5145\u5242<\/h5>\t\t\t\t<\/div>\n\t\t\t\t<\/div>\n\t\t\t\t<div class=\"elementor-element elementor-element-41afa64 elementor-widget-tablet__width-initial elementor-widget elementor-widget-heading\" data-id=\"41afa64\" data-element_type=\"widget\" data-e-type=\"widget\" data-widget_type=\"heading.default\">\n\t\t\t\t<div class=\"elementor-widget-container\">\n\t\t\t\t\t<h2 class=\"elementor-heading-title elementor-size-default\">Exuviance<\/h2>\t\t\t\t<\/div>\n\t\t\t\t<\/div>\n\t\t\t\t\t<\/div>\n\t\t<\/div>\n\t\t\t\t<div class=\"elementor-column elementor-col-50 elementor-top-column elementor-element elementor-element-50a1582c\" data-id=\"50a1582c\" data-element_type=\"column\" data-e-type=\"column\">\n\t\t\t<div class=\"elementor-widget-wrap elementor-element-populated\">\n\t\t\t\t\t\t<section data-particle_enable=\"false\" data-particle-mobile-disabled=\"false\" class=\"elementor-section elementor-inner-section elementor-element elementor-element-26e267a6 elementor-section-boxed elementor-section-height-default elementor-section-height-default\" data-id=\"26e267a6\" data-element_type=\"section\" data-e-type=\"section\">\n\t\t\t\t\t\t<div class=\"elementor-container elementor-column-gap-default\">\n\t\t\t\t\t<div class=\"elementor-column elementor-col-33 elementor-inner-column elementor-element elementor-element-2fcaae83\" data-id=\"2fcaae83\" data-element_type=\"column\" data-e-type=\"column\">\n\t\t\t<div class=\"elementor-widget-wrap elementor-element-populated\">\n\t\t\t\t\t\t<div class=\"elementor-element elementor-element-2b84be07 elementor-widget__width-initial elementor-widget elementor-widget-heading\" data-id=\"2b84be07\" data-element_type=\"widget\" data-e-type=\"widget\" data-widget_type=\"heading.default\">\n\t\t\t\t<div class=\"elementor-widget-container\">\n\t\t\t\t\t<span class=\"elementor-heading-title elementor-size-default\"><a href=\"https:\/\/neoasiagroup.com\/zh\/products\/#skincare\">Skincare &amp; <br>Oral Supplements<\/a><\/span>\t\t\t\t<\/div>\n\t\t\t\t<\/div>\n\t\t\t\t\t<\/div>\n\t\t<\/div>\n\t\t\t\t<div class=\"elementor-column elementor-col-33 elementor-inner-column elementor-element elementor-element-1d14518c\" data-id=\"1d14518c\" data-element_type=\"column\" data-e-type=\"column\">\n\t\t\t<div class=\"elementor-widget-wrap elementor-element-populated\">\n\t\t\t\t\t\t<div class=\"elementor-element elementor-element-6562dcb4 elementor-widget elementor-widget-heading\" data-id=\"6562dcb4\" data-element_type=\"widget\" data-e-type=\"widget\" data-widget_type=\"heading.default\">\n\t\t\t\t<div class=\"elementor-widget-container\">\n\t\t\t\t\t<span class=\"elementor-heading-title elementor-size-default\"><a href=\"https:\/\/neoasiagroup.com\/zh\/products\/#medical-devices\">\u533b\u7597\u8bbe\u5907<\/a><\/span>\t\t\t\t<\/div>\n\t\t\t\t<\/div>\n\t\t\t\t\t<\/div>\n\t\t<\/div>\n\t\t\t\t<div class=\"elementor-column elementor-col-33 elementor-inner-column elementor-element elementor-element-5152837c\" data-id=\"5152837c\" data-element_type=\"column\" data-e-type=\"column\">\n\t\t\t<div class=\"elementor-widget-wrap elementor-element-populated\">\n\t\t\t\t\t\t<div class=\"elementor-element elementor-element-4dc4c1f6 elementor-widget elementor-widget-heading\" data-id=\"4dc4c1f6\" data-element_type=\"widget\" data-e-type=\"widget\" data-widget_type=\"heading.default\">\n\t\t\t\t<div class=\"elementor-widget-container\">\n\t\t\t\t\t<span class=\"elementor-heading-title elementor-size-default\"><a href=\"https:\/\/neoasiagroup.com\/zh\/products\/#aesthetic-equipment\">\u533b\u7597\u7f8e\u5bb9\u4eea\u5668<\/a><\/span>\t\t\t\t<\/div>\n\t\t\t\t<\/div>\n\t\t\t\t\t<\/div>\n\t\t<\/div>\n\t\t\t\t\t<\/div>\n\t\t<\/section>\n\t\t\t\t\t<\/div>\n\t\t<\/div>\n\t\t\t\t\t<\/div>\n\t\t<\/section>\n\t\t\t\t<section data-particle_enable=\"false\" data-particle-mobile-disabled=\"false\" class=\"elementor-section elementor-top-section elementor-element elementor-element-44fd73a3 elementor-reverse-mobile elementor-section-height-min-height elementor-section-boxed elementor-section-height-default elementor-section-items-middle\" data-id=\"44fd73a3\" data-element_type=\"section\" data-e-type=\"section\">\n\t\t\t\t\t\t<div class=\"elementor-container elementor-column-gap-default\">\n\t\t\t\t\t<div class=\"elementor-column elementor-col-50 elementor-top-column elementor-element elementor-element-5a41a5c\" data-id=\"5a41a5c\" data-element_type=\"column\" data-e-type=\"column\">\n\t\t\t<div class=\"elementor-widget-wrap elementor-element-populated\">\n\t\t\t\t\t\t<div class=\"elementor-element elementor-element-cb41ac9 elementor-widget elementor-widget-heading\" data-id=\"cb41ac9\" data-element_type=\"widget\" data-e-type=\"widget\" data-widget_type=\"heading.default\">\n\t\t\t\t<div class=\"elementor-widget-container\">\n\t\t\t\t\t<h5 class=\"elementor-heading-title elementor-size-default\">\u62a4\u80a4\u54c1\u548c\u53e3\u670d\u8865\u5145\u5242<\/h5>\t\t\t\t<\/div>\n\t\t\t\t<\/div>\n\t\t\t\t<div class=\"elementor-element elementor-element-373561f9 elementor-widget elementor-widget-heading\" data-id=\"373561f9\" data-element_type=\"widget\" data-e-type=\"widget\" data-widget_type=\"heading.default\">\n\t\t\t\t<div class=\"elementor-widget-container\">\n\t\t\t\t\t<h2 class=\"elementor-heading-title elementor-size-default\">Exuviance<\/h2>\t\t\t\t<\/div>\n\t\t\t\t<\/div>\n\t\t\t\t<div class=\"elementor-element elementor-element-28d59fe9 elementor-widget elementor-widget-text-editor\" data-id=\"28d59fe9\" data-element_type=\"widget\" data-e-type=\"widget\" data-widget_type=\"text-editor.default\">\n\t\t\t\t<div class=\"elementor-widget-container\">\n\t\t\t\t\t\t\t\t\t<p><strong>Exuviance<\/strong>\u00a0is an advanced skin care line developed by NeoStrata Company for the beauty salons. Utilizing NeoStrata\u2019s uniquely formulated hydroxy acid technologies like Alpha Hydroxy Acid (AHA), Polyhydroxy Acid (PHA) and Lactobionic Acid, these powerful ingredients are designed and clinically proven to enhance and correct the skin\u2019s renewal process.<\/p><p>Exuviance products are clinically proven to significantly correct uneven skin tone and lighten pigmentations to reveal a fairer skin. Clinically developed to be safe and effective in correcting and preventing signs of aging for all individuals and skin types.<\/p><p>Other than the unique combination of AHA and PHA, Exuviance\u2019s products also contain soothing botanicals and marine extracts to rejuvenate and moisturize skin for a healthier and younger looking skin.<\/p>\t\t\t\t\t\t\t\t<\/div>\n\t\t\t\t<\/div>\n\t\t<div data-particle_enable=\"false\" data-particle-mobile-disabled=\"false\" class=\"elementor-element elementor-element-1d4637ce e-con-full e-flex e-con e-parent\" data-id=\"1d4637ce\" data-element_type=\"container\" data-e-type=\"container\">\n\t\t<div data-particle_enable=\"false\" data-particle-mobile-disabled=\"false\" class=\"elementor-element elementor-element-72ee019 e-con-full e-flex e-con e-child\" data-id=\"72ee019\" data-element_type=\"container\" data-e-type=\"container\">\n\t\t<div data-particle_enable=\"false\" data-particle-mobile-disabled=\"false\" class=\"elementor-element elementor-element-9304592 e-con-full e-flex e-con e-child\" data-id=\"9304592\" data-element_type=\"container\" data-e-type=\"container\">\n\t\t<div data-particle_enable=\"false\" data-particle-mobile-disabled=\"false\" class=\"elementor-element elementor-element-2ae5559 e-con-full e-flex e-con e-child\" data-id=\"2ae5559\" data-element_type=\"container\" data-e-type=\"container\">\n\t\t\t\t<div class=\"elementor-element elementor-element-4a7ff7e elementor-widget elementor-widget-heading\" data-id=\"4a7ff7e\" data-element_type=\"widget\" data-e-type=\"widget\" data-widget_type=\"heading.default\">\n\t\t\t\t<div class=\"elementor-widget-container\">\n\t\t\t\t\t<span class=\"elementor-heading-title elementor-size-default\">Visit Brand Site<\/span>\t\t\t\t<\/div>\n\t\t\t\t<\/div>\n\t\t<div data-particle_enable=\"false\" data-particle-mobile-disabled=\"false\" class=\"elementor-element elementor-element-fdd4fd3 e-flex e-con-boxed e-con e-child\" data-id=\"fdd4fd3\" data-element_type=\"container\" data-e-type=\"container\">\n\t\t\t\t\t<div class=\"e-con-inner\">\n\t\t<div data-particle_enable=\"false\" data-particle-mobile-disabled=\"false\" class=\"elementor-element elementor-element-4d4a8bf e-con-full e-flex e-con e-child\" data-id=\"4d4a8bf\" data-element_type=\"container\" data-e-type=\"container\">\n\t\t\t\t<div class=\"elementor-element elementor-element-ce746ef elementor-shape-rounded elementor-grid-0 e-grid-align-center elementor-widget elementor-widget-social-icons\" data-id=\"ce746ef\" data-element_type=\"widget\" data-e-type=\"widget\" data-widget_type=\"social-icons.default\">\n\t\t\t\t<div class=\"elementor-widget-container\">\n\t\t\t\t\t\t\t<div class=\"elementor-social-icons-wrapper elementor-grid\" role=\"list\">\n\t\t\t\t\t\t\t<span class=\"elementor-grid-item\" role=\"listitem\">\n\t\t\t\t\t<a class=\"elementor-icon elementor-social-icon elementor-social-icon-globe elementor-repeater-item-6aaaf22\" href=\"https:\/\/www.exuviance.com\/\" target=\"_blank\">\n\t\t\t\t\t\t<span class=\"elementor-screen-only\">Globe<\/span>\n\t\t\t\t\t\t<i aria-hidden=\"true\" class=\"fas fa-globe\"><\/i>\t\t\t\t\t<\/a>\n\t\t\t\t<\/span>\n\t\t\t\t\t\t\t<span class=\"elementor-grid-item\" role=\"listitem\">\n\t\t\t\t\t<a class=\"elementor-icon elementor-social-icon elementor-social-icon-instagram elementor-repeater-item-a155397\" href=\"https:\/\/www.instagram.com\/exuviancesg\/?hl=en\" target=\"_blank\">\n\t\t\t\t\t\t<span class=\"elementor-screen-only\">Instagram<\/span>\n\t\t\t\t\t\t<i aria-hidden=\"true\" class=\"fab fa-instagram\"><\/i>\t\t\t\t\t<\/a>\n\t\t\t\t<\/span>\n\t\t\t\t\t<\/div>\n\t\t\t\t\t\t<\/div>\n\t\t\t\t<\/div>\n\t\t\t\t<\/div>\n\t\t<div data-particle_enable=\"false\" data-particle-mobile-disabled=\"false\" class=\"elementor-element elementor-element-f3b89ae e-con-full e-flex e-con e-child\" data-id=\"f3b89ae\" data-element_type=\"container\" data-e-type=\"container\">\n\t\t\t\t<div class=\"elementor-element elementor-element-866997c elementor-widget elementor-widget-eael-lightbox\" data-id=\"866997c\" data-element_type=\"widget\" data-e-type=\"widget\" data-widget_type=\"eael-lightbox.default\">\n\t\t\t\t<div class=\"elementor-widget-container\">\n\t\t\t\t\t\n\n\t\t<div data-lightbox-type=\"lightbox_type_content\" data-lightbox-type-url=\"\" data-lightbox-trigger-pageload=\"1\" data-lightbox-closebtn-color=\"#ffffff\" class=\"eael-lightbox-wrapper\" data-trigger=\"eael_lightbox_trigger_button\" data-lightbox-id=\"lightbox_69dd425a3f83f\" data-type=\"inline\" data-src=\"#eael-lightbox-window-69dd425a3f83f\" data-popup-layout=\"eael-lightbox-popup-standard\" data-main-class=\"eael-lightbox-modal-popup-866997c\" data-close_button=\"yes\" data-esc_exit=\"yes\" data-click_exit=\"yes\" data-effect=\"animated \" data-trigger-element=\".eael-modal-popup-link-69dd425a3f83f\">\n\t\t\t<div class=\"eael-lightbox-btn\">\n\t\t\t\t<span id=\"btn-eael-lightbox-69dd425a3f83f\" class=\"eael-modal-popup-button eael-modal-popup-link eael-modal-popup-link-69dd425a3f83f elementor-button elementor-size-lg\" tabindex=\"0\">Download Brochure <\/span>\t\t\t<\/div><!-- close .eael-lightbox-btn -->\n\t\t<\/div>\n\n\t\t<div class=\"eael-lightbox-popup-window eael-lightbox-popup-window-866997c lightbox_type_content\" id=\"eael-lightbox-window-69dd425a3f83f\">\n\t\t\t<div class=\"eael-lightbox-container\">\n\t\t\t\t<div class=\"eael-lightbox-content\"><div class=\"wpforms-container\" id=\"wpforms-3383\"><form id=\"wpforms-form-3383\" class=\"wpforms-validate wpforms-form wpforms-ajax-form\" method=\"post\" action=\"\/vi\/wp-json\/wp\/v2\/pages\/3361\" data-trp-original-action=\"\/vi\/wp-json\/wp\/v2\/pages\/3361\">Vui l\u00f2ng b\u1eadt JavaScript trong tr\u00ecnh duy\u1ec7t c\u1ee7a b\u1ea1n \u0111\u1ec3 ho\u00e0n th\u00e0nh Form n\u00e0y.<div class=\"wpforms-field-container\"><div id=\"wpforms-3383-field_0-container\" class=\"wpforms-field wpforms-field-name\"><label class=\"wpforms-field-label\" for=\"wpforms-3383-field_0\">Dr \/ Mr \/ Ms <span class=\"wpforms-required-label\">*<\/span><\/label><input type=\"text\" id=\"wpforms-3383-field_0\" class=\"wpforms-field-medium wpforms-field-required\" name=\"wpforms[fields][0]\" required><\/div><div id=\"wpforms-3383-field_1-container\" class=\"wpforms-field wpforms-field-email\"><label class=\"wpforms-field-label\" for=\"wpforms-3383-field_1\">Email <span class=\"wpforms-required-label\">*<\/span><\/label><input type=\"email\" id=\"wpforms-3383-field_1\" class=\"wpforms-field-medium wpforms-field-required\" name=\"wpforms[fields][1]\" required><\/div><div id=\"wpforms-3383-field_3-container\" class=\"wpforms-field wpforms-field-text\"><label class=\"wpforms-field-label\" for=\"wpforms-3383-field_3\">Mobile<\/label><input type=\"text\" id=\"wpforms-3383-field_3\" class=\"wpforms-field-medium\" name=\"wpforms[fields][3]\"><\/div><div id=\"wpforms-3383-field_4-container\" class=\"wpforms-field wpforms-field-text\"><label class=\"wpforms-field-label\" for=\"wpforms-3383-field_4\">Country <span class=\"wpforms-required-label\">*<\/span><\/label><input type=\"text\" id=\"wpforms-3383-field_4\" class=\"wpforms-field-medium wpforms-field-required\" name=\"wpforms[fields][4]\" required><\/div><div id=\"wpforms-3383-field_5-container\" class=\"wpforms-field wpforms-field-text\"><label class=\"wpforms-field-label\" for=\"wpforms-3383-field_5\">Name of Clinic \/ Hospital <span class=\"wpforms-required-label\">*<\/span><\/label><input type=\"text\" id=\"wpforms-3383-field_5\" class=\"wpforms-field-medium wpforms-field-required\" name=\"wpforms[fields][5]\" required><\/div><div id=\"wpforms-3383-field_9-container\" class=\"wpforms-field wpforms-field-html\"><div id=\"wpforms-3383-field_9\">Information entered into this web form will be used for verification purposes. The information will be shared with Neoasia. Neoasia Privacy Policy<\/div><\/div><\/div><!-- .wpforms-field-container --><div class=\"wpforms-submit-container\"><input type=\"hidden\" name=\"wpforms[id]\" value=\"3383\"><input type=\"hidden\" name=\"wpforms[author]\" value=\"1\"><button type=\"submit\" id=\"wpforms-submit-3383\" class=\"wpforms-submit\">Submit<\/button><img decoding=\"async\" data-src=\"https:\/\/neoasiagroup.com\/wp-content\/plugins\/wpforms\/assets\/images\/submit-spin.svg\" class=\"wpforms-submit-spinner lazyload\" width=\"26\" height=\"26\" alt=\"\u0110ang t\u1ea3i\" src=\"data:image\/gif;base64,R0lGODlhAQABAAAAACH5BAEKAAEALAAAAAABAAEAAAICTAEAOw==\" style=\"--smush-placeholder-width: 26px; --smush-placeholder-aspect-ratio: 26\/26;\"><noscript><img decoding=\"async\" src=\"https:\/\/neoasiagroup.com\/wp-content\/plugins\/wpforms\/assets\/images\/submit-spin.svg\" class=\"wpforms-submit-spinner\" width=\"26\" height=\"26\" alt=\"\u0110ang t\u1ea3i\"><\/noscript><\/div><input type=\"hidden\" name=\"trp-form-language\" value=\"zh\"\/><\/form><\/div>  <!-- .wpforms-container --><\/div>\t\t\t<\/div>\n\t\t<\/div>\n\t\t\t\t<\/div>\n\t\t\t\t<\/div>\n\t\t\t\t<\/div>\n\t\t\t\t\t<\/div>\n\t\t\t\t<\/div>\n\t\t\t\t<\/div>\n\t\t\t\t<\/div>\n\t\t\t\t<\/div>\n\t\t\t\t<\/div>\n\t\t\t\t\t<\/div>\n\t\t<\/div>\n\t\t\t\t<div class=\"elementor-column elementor-col-50 elementor-top-column elementor-element elementor-element-27479b2\" data-id=\"27479b2\" data-element_type=\"column\" data-e-type=\"column\">\n\t\t\t<div class=\"elementor-widget-wrap elementor-element-populated\">\n\t\t\t\t\t\t<div class=\"elementor-element elementor-element-36621097 elementor-widget elementor-widget-image\" data-id=\"36621097\" data-element_type=\"widget\" data-e-type=\"widget\" data-widget_type=\"image.default\">\n\t\t\t\t<div class=\"elementor-widget-container\">\n\t\t\t\t\t\t\t\t\t\t\t\t\t\t\t<img fetchpriority=\"high\" decoding=\"async\" width=\"500\" height=\"341\" src=\"https:\/\/neoasiagroup.com\/wp-content\/uploads\/2023\/09\/product-imageWlogo-products-exuviance-1-1024x341-1-e1701216436654.jpeg\" class=\"attachment-full size-full wp-image-3208\" alt=\"\" srcset=\"https:\/\/neoasiagroup.com\/wp-content\/uploads\/2023\/09\/product-imageWlogo-products-exuviance-1-1024x341-1-e1701216436654.jpeg 500w, https:\/\/neoasiagroup.com\/wp-content\/uploads\/2023\/09\/product-imageWlogo-products-exuviance-1-1024x341-1-e1701216436654-18x12.jpeg 18w\" sizes=\"(max-width: 500px) 100vw, 500px\" \/>\t\t\t\t\t\t\t\t\t\t\t\t\t\t\t<\/div>\n\t\t\t\t<\/div>\n\t\t\t\t\t<\/div>\n\t\t<\/div>\n\t\t\t\t\t<\/div>\n\t\t<\/section>\n\t\t\t\t<\/div>","protected":false},"excerpt":{"rendered":"<p>Skincare &amp; Oral Supplements Exuviance Skincare &amp; Oral Supplements Medical Devices Medical Aesthetic Equipment Skincare &amp; Oral Supplements Exuviance Exuviance\u00a0is an advanced skin care line developed by NeoStrata Company for the beauty salons. Utilizing NeoStrata\u2019s uniquely formulated hydroxy acid technologies like Alpha Hydroxy Acid (AHA), Polyhydroxy Acid (PHA) and Lactobionic Acid, these powerful ingredients are [&hellip;]<\/p>","protected":false},"author":1,"featured_media":0,"parent":183,"menu_order":0,"comment_status":"closed","ping_status":"closed","template":"","meta":{"site-sidebar-layout":"no-sidebar","site-content-layout":"page-builder","ast-site-content-layout":"full-width-container","site-content-style":"default","site-sidebar-style":"default","ast-global-header-display":"","ast-banner-title-visibility":"","ast-main-header-display":"","ast-hfb-above-header-display":"","ast-hfb-below-header-display":"","ast-hfb-mobile-header-display":"","site-post-title":"disabled","ast-breadcrumbs-content":"","ast-featured-img":"disabled","footer-sml-layout":"","theme-transparent-header-meta":"enabled","adv-header-id-meta":"","stick-header-meta":"","header-above-stick-meta":"","header-main-stick-meta":"","header-below-stick-meta":"","astra-migrate-meta-layouts":"set","ast-page-background-enabled":"default","ast-page-background-meta":{"desktop":{"background-color":"","background-image":"","background-repeat":"repeat","background-position":"center center","background-size":"auto","background-attachment":"scroll","background-type":"","background-media":"","overlay-type":"","overlay-color":"","overlay-gradient":""},"tablet":{"background-color":"","background-image":"","background-repeat":"repeat","background-position":"center center","background-size":"auto","background-attachment":"scroll","background-type":"","background-media":"","overlay-type":"","overlay-color":"","overlay-gradient":""},"mobile":{"background-color":"","background-image":"","background-repeat":"repeat","background-position":"center center","background-size":"auto","background-attachment":"scroll","background-type":"","background-media":"","overlay-type":"","overlay-color":"","overlay-gradient":""}},"ast-content-background-meta":{"desktop":{"background-color":"var(--ast-global-color-5)","background-image":"","background-repeat":"repeat","background-position":"center center","background-size":"auto","background-attachment":"scroll","background-type":"","background-media":"","overlay-type":"","overlay-color":"","overlay-gradient":""},"tablet":{"background-color":"var(--ast-global-color-5)","background-image":"","background-repeat":"repeat","background-position":"center center","background-size":"auto","background-attachment":"scroll","background-type":"","background-media":"","overlay-type":"","overlay-color":"","overlay-gradient":""},"mobile":{"background-color":"var(--ast-global-color-5)","background-image":"","background-repeat":"repeat","background-position":"center center","background-size":"auto","background-attachment":"scroll","background-type":"","background-media":"","overlay-type":"","overlay-color":"","overlay-gradient":""}},"footnotes":""},"class_list":["post-3361","page","type-page","status-publish","hentry"],"_links":{"self":[{"href":"https:\/\/neoasiagroup.com\/zh\/wp-json\/wp\/v2\/pages\/3361","targetHints":{"allow":["GET"]}}],"collection":[{"href":"https:\/\/neoasiagroup.com\/zh\/wp-json\/wp\/v2\/pages"}],"about":[{"href":"https:\/\/neoasiagroup.com\/zh\/wp-json\/wp\/v2\/types\/page"}],"author":[{"embeddable":true,"href":"https:\/\/neoasiagroup.com\/zh\/wp-json\/wp\/v2\/users\/1"}],"replies":[{"embeddable":true,"href":"https:\/\/neoasiagroup.com\/zh\/wp-json\/wp\/v2\/comments?post=3361"}],"version-history":[{"count":3,"href":"https:\/\/neoasiagroup.com\/zh\/wp-json\/wp\/v2\/pages\/3361\/revisions"}],"predecessor-version":[{"id":13941,"href":"https:\/\/neoasiagroup.com\/zh\/wp-json\/wp\/v2\/pages\/3361\/revisions\/13941"}],"up":[{"embeddable":true,"href":"https:\/\/neoasiagroup.com\/zh\/wp-json\/wp\/v2\/pages\/183"}],"wp:attachment":[{"href":"https:\/\/neoasiagroup.com\/zh\/wp-json\/wp\/v2\/media?parent=3361"}],"curies":[{"name":"wp","href":"https:\/\/api.w.org\/{rel}","templated":true}]}}